{"id":13744,"date":"2024-01-04T20:22:39","date_gmt":"2024-01-04T19:22:39","guid":{"rendered":"https:\/\/www.nolimits.bar\/de\/?page_id=13744"},"modified":"2024-01-04T21:26:31","modified_gmt":"2024-01-04T20:26:31","slug":"no-limits-university","status":"publish","type":"page","link":"https:\/\/www.nolimits.bar\/de\/no-limits-university\/","title":{"rendered":"No Limits University"},"content":{"rendered":"<p>[et_pb_section fb_built=&#8221;1&#8243; admin_label=&#8221;section&#8221; _builder_version=&#8221;4.16&#8243; global_colors_info=&#8221;{}&#8221;][et_pb_row column_structure=&#8221;2_3,1_3&#8243; admin_label=&#8221;row&#8221; _builder_version=&#8221;4.23.1&#8243; background_size=&#8221;initial&#8221; background_position=&#8221;top_left&#8221; background_repeat=&#8221;repeat&#8221; global_colors_info=&#8221;{}&#8221;][et_pb_column type=&#8221;2_3&#8243; _builder_version=&#8221;4.16&#8243; custom_padding=&#8221;|||&#8221; global_colors_info=&#8221;{}&#8221; custom_padding__hover=&#8221;|||&#8221;][et_pb_image src=&#8221;https:\/\/www.nolimits.bar\/de\/wp-content\/uploads\/2019\/06\/BDSM-University.png&#8221; title_text=&#8221;BDSM-University.png&#8221; align=&#8221;center&#8221; _builder_version=&#8221;4.23.1&#8243; _module_preset=&#8221;default&#8221; width=&#8221;31%&#8221; global_colors_info=&#8221;{}&#8221;][\/et_pb_image][et_pb_text _builder_version=&#8221;4.23.1&#8243; _module_preset=&#8221;default&#8221; global_colors_info=&#8221;{}&#8221;]<\/p>\n<p class=\"v1MsoNormal\"><span lang=\"DE\">Wer in ein neues, unbekanntes Land reist, kauft sich zuerst einen Reisef\u00fchrer oder eine Landkarte. Diese Hilfsmittel steigern die Vorfreude auf die Reise, weisen aber auch darauf hin, wo es die spannendsten Pl\u00e4tze zum Besichtigen gibt. Au\u00dferdem waren sie vor m\u00f6glichen Risiken und Fallen.<\/span><\/p>\n<p class=\"v1MsoNormal\"><span lang=\"DE\">Wenn du die faszinierende Wunderwelt von BDSM f\u00fcr dich entdecken m\u00f6chtest gibt es einen wunderbaren Reisef\u00fchrer \u2013 die No Limits University! Vollkommen egal, ob du diese unermesslich reiche Spielwiese der menschlichen Sexualit\u00e4t nur mal kennenlernen m\u00f6chtest, f\u00fcr dich feststellen m\u00f6chtest inwieweit es dich anspricht oder voll und ganz darin eintauchen willst \u2013 die No Limits University stellt dir einen verl\u00e4sslichen Kompass zu Seite, der dich durch dieses Labyrinth aus H\u00f6henfl\u00fcgen und Abgr\u00fcnden der menschlichen Seele lotst.<\/span><\/p>\n<p class=\"v1MsoNormal\"><span lang=\"DE\">Wir, die Tutorinnen und Tutoren der \u201eNo Limits University\u201c haben jahrzehntelange, gelebte Erfahrung in sehr vielen Bereichen der BDSM-Welt. Wir teilen dieses Wissen, diese Erlebnisse in unseren Workshops aber nicht in Form eines Frontalvortrags. Vielmehr wollen wir euch einladen gemeinsam diesen Schatz zu heben. Jeder Teilnehmer und jede Teilnehmerin hat jederzeit die M\u00f6glichkeit sich einzubringen, ihre Erfahrungen zu teilen, auf ihre Fragen Antworten zu bekommen und ein St\u00fcck weit das oft unbekannteste Wesen zu erforschen \u2013 sich selbst. Wir wollen euch BDSM erlebbar und sp\u00fcrbar machen. Wir wollen euch ohne Denkverbote und Scheuklappen neue Horizonte auftun.<\/span><\/p>\n<p class=\"v1MsoNormal\"><span lang=\"DE\">Es sind aber auch alle herzlich willkommen, die einfach alles auf sich wirken lassen wollen und erst sp\u00e4ter, zu Hause, das Erlebte Revue passieren lassen wollen.<\/span><\/p>\n<p class=\"v1MsoNormal\"><span lang=\"DE\">Es gibt keinen Dresscode und es muss auch nichts mitgebracht werden, au\u00dfer eurer Neugierde. Jeder und jede soll so kommen, wie er oder sie sich am wohlsten f\u00fchlt. Selbstverst\u00e4ndlich auch gerne in explizitem Outfit. Wenn jemand gerne Spielsachen mitbringen m\u00f6chte \u2013 sehr gerne. Allenfalls werden diese auch einer entsprechenden Qualit\u00e4tskontrolle unterzogen.<\/span><\/p>\n<p class=\"v1MsoNormal\"><span lang=\"DE\">\u00a0<\/span><\/p>\n<p class=\"v1MsoNormal\"><span lang=\"DE\">F\u00fcr wen sind unsere Workshops geeignet?<\/span><\/p>\n<p class=\"v1MsoListParagraphCxSpFirst\"><span lang=\"DE\">1.\u00a0\u00a0\u00a0\u00a0\u00a0\u00a0<\/span><span lang=\"DE\">F\u00fcr Einsteiger\/innen, die Interesse an dieser Spielart der menschlichen Sexualit\u00e4t versp\u00fcren, bislang aber noch kein geeignetes Format gefunden haben, um dazu einen \u00dcberblick zu bekommen.<\/span><\/p>\n<p class=\"v1MsoListParagraphCxSpMiddle\"><span lang=\"DE\">2.\u00a0\u00a0\u00a0\u00a0\u00a0\u00a0<\/span><span lang=\"DE\">F\u00fcr Menschen, die sich mit der Idee tragen BDSM auszuprobieren, davor aber gerne mehr Hintergrundwissen h\u00e4tten, in Tricks und Kniffe eingewiesen, auf eventuelle Gefahren hingewiesen werden wollen oder erfahren wollen, wie man es anstellt.<\/span><\/p>\n<p class=\"v1MsoListParagraphCxSpMiddle\"><span lang=\"DE\">3.\u00a0\u00a0\u00a0\u00a0\u00a0\u00a0<\/span><span lang=\"DE\">F\u00fcr Leute, die schon ihre Erfahrungen mit BDSM Spielen haben, ihre Bandbreite aber ebenso erweitern wollen wie Neues und Spannendes vermittelt bekommen wollen.<\/span><\/p>\n<p class=\"v1MsoListParagraphCxSpLast\"><span lang=\"DE\">4.\u00a0\u00a0\u00a0\u00a0\u00a0\u00a0<\/span><span lang=\"DE\">F\u00fcr Profis, denen es ganz einfach Spa\u00df macht dem bunten Vorf\u00fchren, Ausprobieren und \u00dcben beizuwohnen und allenfalls das ihre dazu beizutragen.<\/span><\/p>\n<p class=\"v1MsoNormal\"><span lang=\"DE\">Tats\u00e4chlich findet man bei vielen Workshops Personen aus manchen, wenn ich gar allen dieser Gruppen wieder. Gerade diese Buntheit macht einen nicht unwesentlichen Teil der Faszination unserer Workshops aus. Zudem: wo kann man leichter Personen kennenlernen, die demselben Hobby fr\u00f6nen als in einer Weiterbildungsveranstaltung f\u00fcr Erwachsene?<\/span><\/p>\n<p class=\"v1MsoNormal\"><span lang=\"DE\">\u00a0<\/span><\/p>\n<p class=\"v1MsoNormal\"><span lang=\"DE\">Auch heuer bleiben sehr viele zentrale Ideen so wie in den Jahren zuvor:<\/span><\/p>\n<p class=\"v1MsoNormal\"><span lang=\"DE\">\u2022\u00a0\u00a0\u00a0\u00a0\u00a0\u00a0\u00a0\u00a0<\/span><span lang=\"DE\">das N\u00e4herbringen zentraler Themen von BDSM Spielen<\/span><\/p>\n<p class=\"v1MsoNormal\"><span lang=\"DE\">\u2022\u00a0\u00a0\u00a0\u00a0\u00a0\u00a0\u00a0\u00a0<\/span><span lang=\"DE\">Anleitung und Schritt f\u00fcr Schritt Vorzeigen von Techniken mit viel erotischem Knistern<\/span><\/p>\n<p class=\"v1MsoNormal\"><span lang=\"DE\">\u2022\u00a0\u00a0\u00a0\u00a0\u00a0\u00a0\u00a0\u00a0<\/span><span lang=\"DE\">Wissensvermittlung mit viel Witz und so mancher Ironie<\/span><\/p>\n<p class=\"v1MsoNormal\"><span lang=\"DE\">\u2022\u00a0\u00a0\u00a0\u00a0\u00a0\u00a0\u00a0\u00a0<\/span><span lang=\"DE\">Nach dem Workshop sind alle TeilnehmerInnen herzlich eingeladen im No Limits zu bleiben, um das theoretisch Gelernte mit viel Schaffensfreude in die Praxis umzusetzen. Denn: \u00dcbung macht den Meister oder die Meisterin \ud83d\ude42<\/span><\/p>\n<p>[\/et_pb_text][et_pb_image _builder_version=&#8221;4.23.1&#8243; _module_preset=&#8221;default&#8221; global_colors_info=&#8221;{}&#8221;][\/et_pb_image][\/et_pb_column][et_pb_column type=&#8221;1_3&#8243; _builder_version=&#8221;4.16&#8243; custom_padding=&#8221;|||&#8221; global_colors_info=&#8221;{}&#8221; custom_padding__hover=&#8221;|||&#8221;][et_pb_image src=&#8221;https:\/\/www.nolimits.bar\/de\/wp-content\/uploads\/2024\/01\/vlcsnap-error991-300&#215;173-1-1.png&#8221; title_text=&#8221;vlcsnap-error991-300&#215;173-1&#8243; _builder_version=&#8221;4.23.1&#8243; _module_preset=&#8221;default&#8221; global_colors_info=&#8221;{}&#8221;][\/et_pb_image][et_pb_image src=&#8221;https:\/\/www.nolimits.bar\/de\/wp-content\/uploads\/2024\/01\/AS1_2301_LR_4K_Q85-300&#215;200-1.jpg&#8221; title_text=&#8221;AS1_2301_LR_4K_Q85-300&#215;200&#8243; _builder_version=&#8221;4.23.1&#8243; _module_preset=&#8221;default&#8221; global_colors_info=&#8221;{}&#8221;][\/et_pb_image][et_pb_image src=&#8221;https:\/\/www.nolimits.bar\/de\/wp-content\/uploads\/2018\/07\/54A8863.jpg&#8221; title_text=&#8221;_54A8863&#8243; _builder_version=&#8221;4.23.1&#8243; _module_preset=&#8221;default&#8221; global_colors_info=&#8221;{}&#8221;][\/et_pb_image][et_pb_image src=&#8221;https:\/\/www.nolimits.bar\/de\/wp-content\/uploads\/2018\/07\/AS1_2218_LR_4K_Q85.jpg&#8221; title_text=&#8221;AS1_2218_LR_4K_Q85&#8243; _builder_version=&#8221;4.23.1&#8243; _module_preset=&#8221;default&#8221; global_colors_info=&#8221;{}&#8221;][\/et_pb_image][et_pb_image src=&#8221;https:\/\/www.nolimits.bar\/de\/wp-content\/uploads\/2018\/07\/54A8737.jpg&#8221; title_text=&#8221;_54A8737&#8243; _builder_version=&#8221;4.23.1&#8243; _module_preset=&#8221;default&#8221; global_colors_info=&#8221;{}&#8221;][\/et_pb_image][\/et_pb_column][\/et_pb_row][\/et_pb_section]<\/p>\n","protected":false},"excerpt":{"rendered":"<p>Wer in ein neues, unbekanntes Land reist, kauft sich zuerst einen Reisef\u00fchrer oder eine Landkarte. Diese Hilfsmittel steigern die Vorfreude auf die Reise, weisen aber auch darauf hin, wo es [&hellip;]<\/p>\n","protected":false},"author":2,"featured_media":0,"parent":0,"menu_order":0,"comment_status":"closed","ping_status":"closed","template":"","meta":{"_et_pb_use_builder":"on","_et_pb_old_content":"","_et_gb_content_width":"","_exactmetrics_skip_tracking":false,"_exactmetrics_sitenote_active":false,"_exactmetrics_sitenote_note":"","_exactmetrics_sitenote_category":0,"jetpack_post_was_ever_published":false,"footnotes":""},"jetpack_sharing_enabled":true,"jetpack_shortlink":"https:\/\/wp.me\/P8QwXP-3zG","_links":{"self":[{"href":"https:\/\/www.nolimits.bar\/de\/wp-json\/wp\/v2\/pages\/13744"}],"collection":[{"href":"https:\/\/www.nolimits.bar\/de\/wp-json\/wp\/v2\/pages"}],"about":[{"href":"https:\/\/www.nolimits.bar\/de\/wp-json\/wp\/v2\/types\/page"}],"author":[{"embeddable":true,"href":"https:\/\/www.nolimits.bar\/de\/wp-json\/wp\/v2\/users\/2"}],"replies":[{"embeddable":true,"href":"https:\/\/www.nolimits.bar\/de\/wp-json\/wp\/v2\/comments?post=13744"}],"version-history":[{"count":5,"href":"https:\/\/www.nolimits.bar\/de\/wp-json\/wp\/v2\/pages\/13744\/revisions"}],"predecessor-version":[{"id":13773,"href":"https:\/\/www.nolimits.bar\/de\/wp-json\/wp\/v2\/pages\/13744\/revisions\/13773"}],"wp:attachment":[{"href":"https:\/\/www.nolimits.bar\/de\/wp-json\/wp\/v2\/media?parent=13744"}],"curies":[{"name":"wp","href":"https:\/\/api.w.org\/{rel}","templated":true}]}}