{"id":13872,"date":"2018-07-18T12:57:02","date_gmt":"2018-07-18T10:57:02","guid":{"rendered":"https:\/\/www.nolimits.bar\/de\/memories_of_owk-2\/"},"modified":"2025-10-29T19:27:14","modified_gmt":"2025-10-29T18:27:14","slug":"videodreh","status":"publish","type":"page","link":"https:\/\/www.nolimits.bar\/de\/videodreh\/","title":{"rendered":"Videodreh f\u00fcr Stefan Weber hei\u00dft das Schwein"},"content":{"rendered":"<p>Dieser Film wurde anl\u00e4sslich des 70. Geburtstages von Stefan Weber gedreht, dem Mastermind der legend\u00e4ren Drahdiwaberl<\/p>\n\n\t\t<style type=\"text\/css\">\n\t\t\t#gallery-1 {\n\t\t\t\tmargin: auto;\n\t\t\t}\n\t\t\t#gallery-1 .gallery-item {\n\t\t\t\tfloat: left;\n\t\t\t\tmargin-top: 10px;\n\t\t\t\ttext-align: center;\n\t\t\t\twidth: 33%;\n\t\t\t}\n\t\t\t#gallery-1 img {\n\t\t\t\tborder: 2px solid #cfcfcf;\n\t\t\t}\n\t\t\t#gallery-1 .gallery-caption {\n\t\t\t\tmargin-left: 0;\n\t\t\t}\n\t\t\t\/* see gallery_shortcode() in wp-includes\/media.php *\/\n\t\t<\/style>\n\t\t<div data-carousel-extra='{\"blog_id\":1,\"permalink\":\"https:\\\/\\\/www.nolimits.bar\\\/de\\\/videodreh\\\/\"}' id='gallery-1' class='gallery galleryid-13872 gallery-columns-3 gallery-size-medium'><dl class='gallery-item'>\n\t\t\t<dt class='gallery-icon portrait'>\n\t\t\t\t<a href='https:\/\/www.nolimits.bar\/de\/schnappschuesse\/hochprozentige-spiele-mit-der-gasmaske\/'><img width=\"169\" height=\"300\" src=\"https:\/\/www.nolimits.bar\/de\/wp-content\/uploads\/2017\/05\/Hochprozentige-Spiele-mit-der-Gasmaske-169x300.jpg\" class=\"attachment-medium size-medium\" alt=\"\" decoding=\"async\" loading=\"lazy\" srcset=\"https:\/\/www.nolimits.bar\/de\/wp-content\/uploads\/2017\/05\/Hochprozentige-Spiele-mit-der-Gasmaske-169x300.jpg 169w, https:\/\/www.nolimits.bar\/de\/wp-content\/uploads\/2017\/05\/Hochprozentige-Spiele-mit-der-Gasmaske-768x1365.jpg 768w, https:\/\/www.nolimits.bar\/de\/wp-content\/uploads\/2017\/05\/Hochprozentige-Spiele-mit-der-Gasmaske-576x1024.jpg 576w, https:\/\/www.nolimits.bar\/de\/wp-content\/uploads\/2017\/05\/Hochprozentige-Spiele-mit-der-Gasmaske-1080x1920.jpg 1080w, https:\/\/www.nolimits.bar\/de\/wp-content\/uploads\/2017\/05\/Hochprozentige-Spiele-mit-der-Gasmaske.jpg 1152w\" sizes=\"(max-width: 169px) 100vw, 169px\" data-attachment-id=\"3357\" data-permalink=\"https:\/\/www.nolimits.bar\/de\/schnappschuesse\/hochprozentige-spiele-mit-der-gasmaske\/\" data-orig-file=\"https:\/\/www.nolimits.bar\/de\/wp-content\/uploads\/2017\/05\/Hochprozentige-Spiele-mit-der-Gasmaske.jpg\" data-orig-size=\"1152,2048\" data-comments-opened=\"1\" data-image-meta=\"{&quot;aperture&quot;:&quot;2&quot;,&quot;credit&quot;:&quot;&quot;,&quot;camera&quot;:&quot;SM-A500FU&quot;,&quot;caption&quot;:&quot;&quot;,&quot;created_timestamp&quot;:&quot;1472766072&quot;,&quot;copyright&quot;:&quot;&quot;,&quot;focal_length&quot;:&quot;3.69&quot;,&quot;iso&quot;:&quot;800&quot;,&quot;shutter_speed&quot;:&quot;0.066666666666667&quot;,&quot;title&quot;:&quot;&quot;,&quot;orientation&quot;:&quot;1&quot;}\" data-image-title=\"Hochprozentige Spiele mit der Gasmaske\" data-image-description=\"\" data-image-caption=\"\" data-medium-file=\"https:\/\/www.nolimits.bar\/de\/wp-content\/uploads\/2017\/05\/Hochprozentige-Spiele-mit-der-Gasmaske-169x300.jpg\" data-large-file=\"https:\/\/www.nolimits.bar\/de\/wp-content\/uploads\/2017\/05\/Hochprozentige-Spiele-mit-der-Gasmaske-576x1024.jpg\" \/><\/a>\n\t\t\t<\/dt><\/dl><dl class='gallery-item'>\n\t\t\t<dt class='gallery-icon portrait'>\n\t\t\t\t<a href='https:\/\/www.nolimits.bar\/de\/49\/'><img width=\"199\" height=\"300\" src=\"https:\/\/www.nolimits.bar\/de\/wp-content\/uploads\/2016\/09\/49-199x300.jpg\" class=\"attachment-medium size-medium\" alt=\"\" decoding=\"async\" loading=\"lazy\" srcset=\"https:\/\/www.nolimits.bar\/de\/wp-content\/uploads\/2016\/09\/49-199x300.jpg 199w, https:\/\/www.nolimits.bar\/de\/wp-content\/uploads\/2016\/09\/49-768x1157.jpg 768w, https:\/\/www.nolimits.bar\/de\/wp-content\/uploads\/2016\/09\/49-680x1024.jpg 680w, https:\/\/www.nolimits.bar\/de\/wp-content\/uploads\/2016\/09\/49-1080x1626.jpg 1080w, https:\/\/www.nolimits.bar\/de\/wp-content\/uploads\/2016\/09\/49.jpg 1360w\" sizes=\"(max-width: 199px) 100vw, 199px\" data-attachment-id=\"2578\" data-permalink=\"https:\/\/www.nolimits.bar\/de\/49\/\" data-orig-file=\"https:\/\/www.nolimits.bar\/de\/wp-content\/uploads\/2016\/09\/49.jpg\" data-orig-size=\"1360,2048\" data-comments-opened=\"1\" data-image-meta=\"{&quot;aperture&quot;:&quot;0&quot;,&quot;credit&quot;:&quot;&quot;,&quot;camera&quot;:&quot;&quot;,&quot;caption&quot;:&quot;&quot;,&quot;created_timestamp&quot;:&quot;0&quot;,&quot;copyright&quot;:&quot;&quot;,&quot;focal_length&quot;:&quot;0&quot;,&quot;iso&quot;:&quot;0&quot;,&quot;shutter_speed&quot;:&quot;0&quot;,&quot;title&quot;:&quot;&quot;,&quot;orientation&quot;:&quot;0&quot;}\" data-image-title=\"49\" data-image-description=\"&lt;p&gt;Videodreh&lt;\/p&gt;\n\" data-image-caption=\"\" data-medium-file=\"https:\/\/www.nolimits.bar\/de\/wp-content\/uploads\/2016\/09\/49-199x300.jpg\" data-large-file=\"https:\/\/www.nolimits.bar\/de\/wp-content\/uploads\/2016\/09\/49-680x1024.jpg\" \/><\/a>\n\t\t\t<\/dt><\/dl><dl class='gallery-item'>\n\t\t\t<dt class='gallery-icon portrait'>\n\t\t\t\t<a href='https:\/\/www.nolimits.bar\/de\/34\/'><img width=\"199\" height=\"300\" src=\"https:\/\/www.nolimits.bar\/de\/wp-content\/uploads\/2016\/09\/34-199x300.jpg\" class=\"attachment-medium size-medium\" alt=\"\" decoding=\"async\" loading=\"lazy\" srcset=\"https:\/\/www.nolimits.bar\/de\/wp-content\/uploads\/2016\/09\/34-199x300.jpg 199w, https:\/\/www.nolimits.bar\/de\/wp-content\/uploads\/2016\/09\/34-768x1157.jpg 768w, https:\/\/www.nolimits.bar\/de\/wp-content\/uploads\/2016\/09\/34-680x1024.jpg 680w, https:\/\/www.nolimits.bar\/de\/wp-content\/uploads\/2016\/09\/34-1080x1626.jpg 1080w, https:\/\/www.nolimits.bar\/de\/wp-content\/uploads\/2016\/09\/34.jpg 1360w\" sizes=\"(max-width: 199px) 100vw, 199px\" data-attachment-id=\"2563\" data-permalink=\"https:\/\/www.nolimits.bar\/de\/34\/\" data-orig-file=\"https:\/\/www.nolimits.bar\/de\/wp-content\/uploads\/2016\/09\/34.jpg\" data-orig-size=\"1360,2048\" data-comments-opened=\"1\" data-image-meta=\"{&quot;aperture&quot;:&quot;0&quot;,&quot;credit&quot;:&quot;&quot;,&quot;camera&quot;:&quot;&quot;,&quot;caption&quot;:&quot;&quot;,&quot;created_timestamp&quot;:&quot;0&quot;,&quot;copyright&quot;:&quot;&quot;,&quot;focal_length&quot;:&quot;0&quot;,&quot;iso&quot;:&quot;0&quot;,&quot;shutter_speed&quot;:&quot;0&quot;,&quot;title&quot;:&quot;&quot;,&quot;orientation&quot;:&quot;0&quot;}\" data-image-title=\"34\" data-image-description=\"&lt;p&gt;Videodreh&lt;\/p&gt;\n\" data-image-caption=\"\" data-medium-file=\"https:\/\/www.nolimits.bar\/de\/wp-content\/uploads\/2016\/09\/34-199x300.jpg\" data-large-file=\"https:\/\/www.nolimits.bar\/de\/wp-content\/uploads\/2016\/09\/34-680x1024.jpg\" \/><\/a>\n\t\t\t<\/dt><\/dl><br style=\"clear: both\" \/><dl class='gallery-item'>\n\t\t\t<dt class='gallery-icon portrait'>\n\t\t\t\t<a href='https:\/\/www.nolimits.bar\/de\/56\/'><img width=\"199\" height=\"300\" src=\"https:\/\/www.nolimits.bar\/de\/wp-content\/uploads\/2016\/09\/56-199x300.jpg\" class=\"attachment-medium size-medium\" alt=\"\" decoding=\"async\" loading=\"lazy\" srcset=\"https:\/\/www.nolimits.bar\/de\/wp-content\/uploads\/2016\/09\/56-199x300.jpg 199w, https:\/\/www.nolimits.bar\/de\/wp-content\/uploads\/2016\/09\/56-768x1157.jpg 768w, https:\/\/www.nolimits.bar\/de\/wp-content\/uploads\/2016\/09\/56-680x1024.jpg 680w, https:\/\/www.nolimits.bar\/de\/wp-content\/uploads\/2016\/09\/56-1080x1626.jpg 1080w, https:\/\/www.nolimits.bar\/de\/wp-content\/uploads\/2016\/09\/56.jpg 1360w\" sizes=\"(max-width: 199px) 100vw, 199px\" data-attachment-id=\"2585\" data-permalink=\"https:\/\/www.nolimits.bar\/de\/56\/\" data-orig-file=\"https:\/\/www.nolimits.bar\/de\/wp-content\/uploads\/2016\/09\/56.jpg\" data-orig-size=\"1360,2048\" data-comments-opened=\"1\" data-image-meta=\"{&quot;aperture&quot;:&quot;0&quot;,&quot;credit&quot;:&quot;&quot;,&quot;camera&quot;:&quot;&quot;,&quot;caption&quot;:&quot;&quot;,&quot;created_timestamp&quot;:&quot;0&quot;,&quot;copyright&quot;:&quot;&quot;,&quot;focal_length&quot;:&quot;0&quot;,&quot;iso&quot;:&quot;0&quot;,&quot;shutter_speed&quot;:&quot;0&quot;,&quot;title&quot;:&quot;&quot;,&quot;orientation&quot;:&quot;0&quot;}\" data-image-title=\"56\" data-image-description=\"&lt;p&gt;Videodreh&lt;\/p&gt;\n\" data-image-caption=\"\" data-medium-file=\"https:\/\/www.nolimits.bar\/de\/wp-content\/uploads\/2016\/09\/56-199x300.jpg\" data-large-file=\"https:\/\/www.nolimits.bar\/de\/wp-content\/uploads\/2016\/09\/56-680x1024.jpg\" \/><\/a>\n\t\t\t<\/dt><\/dl><dl class='gallery-item'>\n\t\t\t<dt class='gallery-icon portrait'>\n\t\t\t\t<a href='https:\/\/www.nolimits.bar\/de\/16\/'><img width=\"199\" height=\"300\" src=\"https:\/\/www.nolimits.bar\/de\/wp-content\/uploads\/2016\/09\/16-199x300.jpg\" class=\"attachment-medium size-medium\" alt=\"\" decoding=\"async\" loading=\"lazy\" srcset=\"https:\/\/www.nolimits.bar\/de\/wp-content\/uploads\/2016\/09\/16-199x300.jpg 199w, https:\/\/www.nolimits.bar\/de\/wp-content\/uploads\/2016\/09\/16-768x1157.jpg 768w, https:\/\/www.nolimits.bar\/de\/wp-content\/uploads\/2016\/09\/16-680x1024.jpg 680w, https:\/\/www.nolimits.bar\/de\/wp-content\/uploads\/2016\/09\/16-1080x1626.jpg 1080w, https:\/\/www.nolimits.bar\/de\/wp-content\/uploads\/2016\/09\/16.jpg 1360w\" sizes=\"(max-width: 199px) 100vw, 199px\" data-attachment-id=\"2545\" data-permalink=\"https:\/\/www.nolimits.bar\/de\/16\/\" data-orig-file=\"https:\/\/www.nolimits.bar\/de\/wp-content\/uploads\/2016\/09\/16.jpg\" data-orig-size=\"1360,2048\" data-comments-opened=\"1\" data-image-meta=\"{&quot;aperture&quot;:&quot;0&quot;,&quot;credit&quot;:&quot;&quot;,&quot;camera&quot;:&quot;&quot;,&quot;caption&quot;:&quot;&quot;,&quot;created_timestamp&quot;:&quot;0&quot;,&quot;copyright&quot;:&quot;&quot;,&quot;focal_length&quot;:&quot;0&quot;,&quot;iso&quot;:&quot;0&quot;,&quot;shutter_speed&quot;:&quot;0&quot;,&quot;title&quot;:&quot;&quot;,&quot;orientation&quot;:&quot;0&quot;}\" data-image-title=\"16\" data-image-description=\"&lt;p&gt;Videodreh&lt;\/p&gt;\n\" data-image-caption=\"\" data-medium-file=\"https:\/\/www.nolimits.bar\/de\/wp-content\/uploads\/2016\/09\/16-199x300.jpg\" data-large-file=\"https:\/\/www.nolimits.bar\/de\/wp-content\/uploads\/2016\/09\/16-680x1024.jpg\" \/><\/a>\n\t\t\t<\/dt><\/dl><dl class='gallery-item'>\n\t\t\t<dt class='gallery-icon landscape'>\n\t\t\t\t<a href='https:\/\/www.nolimits.bar\/de\/5\/'><img width=\"300\" height=\"199\" src=\"https:\/\/www.nolimits.bar\/de\/wp-content\/uploads\/2016\/09\/5-300x199.jpg\" class=\"attachment-medium size-medium\" alt=\"\" decoding=\"async\" loading=\"lazy\" srcset=\"https:\/\/www.nolimits.bar\/de\/wp-content\/uploads\/2016\/09\/5-300x199.jpg 300w, https:\/\/www.nolimits.bar\/de\/wp-content\/uploads\/2016\/09\/5-768x510.jpg 768w, https:\/\/www.nolimits.bar\/de\/wp-content\/uploads\/2016\/09\/5-1024x680.jpg 1024w, https:\/\/www.nolimits.bar\/de\/wp-content\/uploads\/2016\/09\/5-1080x717.jpg 1080w, https:\/\/www.nolimits.bar\/de\/wp-content\/uploads\/2016\/09\/5.jpg 2048w\" sizes=\"(max-width: 300px) 100vw, 300px\" data-attachment-id=\"2534\" data-permalink=\"https:\/\/www.nolimits.bar\/de\/5\/\" data-orig-file=\"https:\/\/www.nolimits.bar\/de\/wp-content\/uploads\/2016\/09\/5.jpg\" data-orig-size=\"2048,1360\" data-comments-opened=\"1\" data-image-meta=\"{&quot;aperture&quot;:&quot;0&quot;,&quot;credit&quot;:&quot;&quot;,&quot;camera&quot;:&quot;&quot;,&quot;caption&quot;:&quot;&quot;,&quot;created_timestamp&quot;:&quot;0&quot;,&quot;copyright&quot;:&quot;&quot;,&quot;focal_length&quot;:&quot;0&quot;,&quot;iso&quot;:&quot;0&quot;,&quot;shutter_speed&quot;:&quot;0&quot;,&quot;title&quot;:&quot;&quot;,&quot;orientation&quot;:&quot;0&quot;}\" data-image-title=\"5\" data-image-description=\"&lt;p&gt;Videodreh&lt;\/p&gt;\n\" data-image-caption=\"\" data-medium-file=\"https:\/\/www.nolimits.bar\/de\/wp-content\/uploads\/2016\/09\/5-300x199.jpg\" data-large-file=\"https:\/\/www.nolimits.bar\/de\/wp-content\/uploads\/2016\/09\/5-1024x680.jpg\" \/><\/a>\n\t\t\t<\/dt><\/dl><br style=\"clear: both\" \/><dl class='gallery-item'>\n\t\t\t<dt class='gallery-icon landscape'>\n\t\t\t\t<a href='https:\/\/www.nolimits.bar\/de\/2\/'><img width=\"300\" height=\"199\" src=\"https:\/\/www.nolimits.bar\/de\/wp-content\/uploads\/2016\/09\/2-300x199.jpg\" class=\"attachment-medium size-medium\" alt=\"\" decoding=\"async\" loading=\"lazy\" srcset=\"https:\/\/www.nolimits.bar\/de\/wp-content\/uploads\/2016\/09\/2-300x199.jpg 300w, https:\/\/www.nolimits.bar\/de\/wp-content\/uploads\/2016\/09\/2-768x510.jpg 768w, https:\/\/www.nolimits.bar\/de\/wp-content\/uploads\/2016\/09\/2-1024x680.jpg 1024w, https:\/\/www.nolimits.bar\/de\/wp-content\/uploads\/2016\/09\/2-1080x717.jpg 1080w, https:\/\/www.nolimits.bar\/de\/wp-content\/uploads\/2016\/09\/2.jpg 2048w\" sizes=\"(max-width: 300px) 100vw, 300px\" data-attachment-id=\"2531\" data-permalink=\"https:\/\/www.nolimits.bar\/de\/2\/\" data-orig-file=\"https:\/\/www.nolimits.bar\/de\/wp-content\/uploads\/2016\/09\/2.jpg\" data-orig-size=\"2048,1360\" data-comments-opened=\"1\" data-image-meta=\"{&quot;aperture&quot;:&quot;0&quot;,&quot;credit&quot;:&quot;&quot;,&quot;camera&quot;:&quot;&quot;,&quot;caption&quot;:&quot;&quot;,&quot;created_timestamp&quot;:&quot;0&quot;,&quot;copyright&quot;:&quot;&quot;,&quot;focal_length&quot;:&quot;0&quot;,&quot;iso&quot;:&quot;0&quot;,&quot;shutter_speed&quot;:&quot;0&quot;,&quot;title&quot;:&quot;&quot;,&quot;orientation&quot;:&quot;0&quot;}\" data-image-title=\"2\" data-image-description=\"&lt;p&gt;Videodreh&lt;\/p&gt;\n\" data-image-caption=\"\" data-medium-file=\"https:\/\/www.nolimits.bar\/de\/wp-content\/uploads\/2016\/09\/2-300x199.jpg\" data-large-file=\"https:\/\/www.nolimits.bar\/de\/wp-content\/uploads\/2016\/09\/2-1024x680.jpg\" \/><\/a>\n\t\t\t<\/dt><\/dl><dl class='gallery-item'>\n\t\t\t<dt class='gallery-icon landscape'>\n\t\t\t\t<a href='https:\/\/www.nolimits.bar\/de\/61-2\/'><img width=\"300\" height=\"199\" src=\"https:\/\/www.nolimits.bar\/de\/wp-content\/uploads\/2016\/09\/61-300x199.jpg\" class=\"attachment-medium size-medium\" alt=\"\" decoding=\"async\" loading=\"lazy\" srcset=\"https:\/\/www.nolimits.bar\/de\/wp-content\/uploads\/2016\/09\/61-300x199.jpg 300w, https:\/\/www.nolimits.bar\/de\/wp-content\/uploads\/2016\/09\/61-768x510.jpg 768w, https:\/\/www.nolimits.bar\/de\/wp-content\/uploads\/2016\/09\/61-1024x680.jpg 1024w, https:\/\/www.nolimits.bar\/de\/wp-content\/uploads\/2016\/09\/61-1080x717.jpg 1080w, https:\/\/www.nolimits.bar\/de\/wp-content\/uploads\/2016\/09\/61.jpg 2048w\" sizes=\"(max-width: 300px) 100vw, 300px\" data-attachment-id=\"2590\" data-permalink=\"https:\/\/www.nolimits.bar\/de\/61-2\/\" data-orig-file=\"https:\/\/www.nolimits.bar\/de\/wp-content\/uploads\/2016\/09\/61.jpg\" data-orig-size=\"2048,1360\" data-comments-opened=\"1\" data-image-meta=\"{&quot;aperture&quot;:&quot;0&quot;,&quot;credit&quot;:&quot;&quot;,&quot;camera&quot;:&quot;&quot;,&quot;caption&quot;:&quot;&quot;,&quot;created_timestamp&quot;:&quot;0&quot;,&quot;copyright&quot;:&quot;&quot;,&quot;focal_length&quot;:&quot;0&quot;,&quot;iso&quot;:&quot;0&quot;,&quot;shutter_speed&quot;:&quot;0&quot;,&quot;title&quot;:&quot;&quot;,&quot;orientation&quot;:&quot;0&quot;}\" data-image-title=\"61\" data-image-description=\"&lt;p&gt;Videodreh&lt;\/p&gt;\n\" data-image-caption=\"\" data-medium-file=\"https:\/\/www.nolimits.bar\/de\/wp-content\/uploads\/2016\/09\/61-300x199.jpg\" data-large-file=\"https:\/\/www.nolimits.bar\/de\/wp-content\/uploads\/2016\/09\/61-1024x680.jpg\" \/><\/a>\n\t\t\t<\/dt><\/dl><dl class='gallery-item'>\n\t\t\t<dt class='gallery-icon landscape'>\n\t\t\t\t<a href='https:\/\/www.nolimits.bar\/de\/36\/'><img width=\"300\" height=\"199\" src=\"https:\/\/www.nolimits.bar\/de\/wp-content\/uploads\/2016\/09\/36-300x199.jpg\" class=\"attachment-medium size-medium\" alt=\"\" decoding=\"async\" loading=\"lazy\" srcset=\"https:\/\/www.nolimits.bar\/de\/wp-content\/uploads\/2016\/09\/36-300x199.jpg 300w, https:\/\/www.nolimits.bar\/de\/wp-content\/uploads\/2016\/09\/36-768x510.jpg 768w, https:\/\/www.nolimits.bar\/de\/wp-content\/uploads\/2016\/09\/36-1024x680.jpg 1024w, https:\/\/www.nolimits.bar\/de\/wp-content\/uploads\/2016\/09\/36-1080x717.jpg 1080w, https:\/\/www.nolimits.bar\/de\/wp-content\/uploads\/2016\/09\/36.jpg 2048w\" sizes=\"(max-width: 300px) 100vw, 300px\" data-attachment-id=\"2565\" data-permalink=\"https:\/\/www.nolimits.bar\/de\/36\/\" data-orig-file=\"https:\/\/www.nolimits.bar\/de\/wp-content\/uploads\/2016\/09\/36.jpg\" data-orig-size=\"2048,1360\" data-comments-opened=\"1\" data-image-meta=\"{&quot;aperture&quot;:&quot;0&quot;,&quot;credit&quot;:&quot;&quot;,&quot;camera&quot;:&quot;&quot;,&quot;caption&quot;:&quot;&quot;,&quot;created_timestamp&quot;:&quot;0&quot;,&quot;copyright&quot;:&quot;&quot;,&quot;focal_length&quot;:&quot;0&quot;,&quot;iso&quot;:&quot;0&quot;,&quot;shutter_speed&quot;:&quot;0&quot;,&quot;title&quot;:&quot;&quot;,&quot;orientation&quot;:&quot;0&quot;}\" data-image-title=\"36\" data-image-description=\"&lt;p&gt;Videodreh&lt;\/p&gt;\n\" data-image-caption=\"\" data-medium-file=\"https:\/\/www.nolimits.bar\/de\/wp-content\/uploads\/2016\/09\/36-300x199.jpg\" data-large-file=\"https:\/\/www.nolimits.bar\/de\/wp-content\/uploads\/2016\/09\/36-1024x680.jpg\" \/><\/a>\n\t\t\t<\/dt><\/dl><br style=\"clear: both\" \/>\n\t\t<\/div>\n\n","protected":false},"excerpt":{"rendered":"<p>Dieser Film wurde anl\u00e4sslich des 70. Geburtstages von Stefan Weber gedreht, dem Mastermind der legend\u00e4ren Drahdiwaberl<\/p>\n","protected":false},"author":2,"featured_media":0,"parent":0,"menu_order":0,"comment_status":"closed","ping_status":"closed","template":"","meta":{"_et_pb_use_builder":"","_et_pb_old_content":"","_et_gb_content_width":"","_exactmetrics_skip_tracking":false,"_exactmetrics_sitenote_active":false,"_exactmetrics_sitenote_note":"","_exactmetrics_sitenote_category":0,"jetpack_post_was_ever_published":false,"footnotes":""},"jetpack_sharing_enabled":true,"jetpack_shortlink":"https:\/\/wp.me\/P8QwXP-3BK","_links":{"self":[{"href":"https:\/\/www.nolimits.bar\/de\/wp-json\/wp\/v2\/pages\/13872"}],"collection":[{"href":"https:\/\/www.nolimits.bar\/de\/wp-json\/wp\/v2\/pages"}],"about":[{"href":"https:\/\/www.nolimits.bar\/de\/wp-json\/wp\/v2\/types\/page"}],"author":[{"embeddable":true,"href":"https:\/\/www.nolimits.bar\/de\/wp-json\/wp\/v2\/users\/2"}],"replies":[{"embeddable":true,"href":"https:\/\/www.nolimits.bar\/de\/wp-json\/wp\/v2\/comments?post=13872"}],"version-history":[{"count":5,"href":"https:\/\/www.nolimits.bar\/de\/wp-json\/wp\/v2\/pages\/13872\/revisions"}],"predecessor-version":[{"id":19611,"href":"https:\/\/www.nolimits.bar\/de\/wp-json\/wp\/v2\/pages\/13872\/revisions\/19611"}],"wp:attachment":[{"href":"https:\/\/www.nolimits.bar\/de\/wp-json\/wp\/v2\/media?parent=13872"}],"curies":[{"name":"wp","href":"https:\/\/api.w.org\/{rel}","templated":true}]}}