{"id":18932,"date":"2024-12-14T14:13:38","date_gmt":"2024-12-14T13:13:38","guid":{"rendered":"https:\/\/www.nolimits.bar\/de\/?page_id=18932"},"modified":"2025-08-04T21:47:10","modified_gmt":"2025-08-04T19:47:10","slug":"no-limits-paddle-club","status":"publish","type":"page","link":"https:\/\/www.nolimits.bar\/de\/no-limits-paddle-club\/","title":{"rendered":"No Limits Paddle Club"},"content":{"rendered":"<p>Der dritte Freitag im Monat ist f\u00fcr den No Limits Paddle Club reserviert!<\/p>\n<p>Entstanden aus einer sommerlichen Laune heraus wurde ich immer wieder auf diesen Probeballon angesprochen. Ob es nicht m\u00f6glich w\u00e4re das zu institutionalisieren. Jetzt endlich ist es soweit:<\/p>\n<p>Worum geht es beim No Limits Paddle Club? Wie bei jedem Sport geht es auch hier um Kraft und Ausdauer \u2013 vor allem aber um die richtige Technik! Welches der vielen verschiedenen Paddletypen findet Verwendung? Wie setze ich das Paddle ein, um die gew\u00fcnschte Wirkung zu erzielen? Welchen Schlagrhythmus wende ich an? Zu welchem Energielevel k\u00f6nnen wir uns vorarbeiten? Fragen \u00fcber Fragen, die einmal im Monat zu beantworten sein werden.<\/p>\n<p>Wie kann ich Mitglied des No Limits Paddle Clubs werden? Ganz einfach, indem ich ins No Limits komme und teilnehme. Entweder als Paddler oder als jene Person, die sich f\u00fcr die Paddlehiebe zur Verf\u00fcgung stellt. Entweder habe ich so richtig viel Spa\u00df oder ich seufze mich in die Hingabe hinein. In beiden F\u00e4llen ist ein H\u00f6chstma\u00df an k\u00f6rperlicher Ert\u00fcchtigung ebenso garantiert wie die grenzenlose Bewunderung der Zuseherinnen und Zuseher. Alle Mitglieder, die das w\u00fcnschen, werden ins goldene Clubbuch eingetragen (gerne auch mit Nickname). Jedes Mitglied hat die M\u00f6glichkeit von sich Fotos anfertigen zu lassen. Entweder vom Bizeps, von der Aktion oder vom bunt-leuchtenden Ergebnis.<\/p>\n<p>Wie l\u00e4uft ein No Limits Paddle Club Abend ab? An den No Limits Paddle Club Abenden treffen sich ab 21:00 alle Interessierten im No Limits. F\u00fcr uns ist der gro\u00dfe Tisch neben der Musikanlage reserviert. Das goldene Clubbuch wird ausgelegt; Veteranen und Veteraninnen werden freudig begr\u00fc\u00dft und Neuzug\u00e4nge herzlich aufgenommen; Jedes Mitglied hat die M\u00f6glichkeit von sich ein Paddlingprofil zu erstellen. Man lernt sich kennen, diskutiert \u00fcber Techniken, Positionierungen, \u00fcbers Sportger\u00e4t sowie \u00fcber die jeweiligen Neigungen und Vorlieben.<\/p>\n<p>Schlie\u00dflich geht es los mit der obligatorischen Aufw\u00e4rmrunde, um das Kennenlernen auch auf einer k\u00f6rperlichen Ebene fortzusetzen. Wer traut sich die erste Paddlingsession zu? Sie dauert etwa 2 Minuten, wobei der oder die Passive jederzeit das Not-Aus-Signal senden kann. Nachdem alle passiven Teilnehmerinnen und Teilnehmer einmal durch waren gibt es eine sch\u00f6pferische Pause. Fertig f\u00fcr Runde zwei? Idealerweise mit wechselndem Paddlingpartner. Wie viele Runden gibt es diesen Freitag? Geben die Paddler als erste auf oder jene, die ihren Hintern daf\u00fcr in Position bringen? Welche Paddling-Instrumente werden verwendet? Wessen Technik war am eindrucksvollsten? Fragen \u00fcber Fragen \u2013 ab J\u00e4nner 2025 gibt es darauf die passenden Antworten!<\/p>\n<p>Die Bewertungen der Paddlings erfolgen durch alle Mitglieder des No Limits Paddle Clubs, die an diesem Abend mitgemacht haben. Die Ergebnisse werden im Goldenen Buch verewigt.<\/p>\n<p>Welche zus\u00e4tzlichen Goodies gibt es? Alle Mitglieder werden Ende des Jahres beim gro\u00dfen Jahresmeeting auf ein Buffet eingeladen, das vom Chefkoch des Innsider vorbereitet wird. Jetzt kann endlich Res\u00fcmee gezogen werden.<\/p>\n<p>Hier geht es zu unserem Neigungsbogen<\/p>\n<p><a href=\"https:\/\/www.nolimits.bar\/de\/wp-content\/uploads\/2024\/12\/No-Limits-Paddle-Club.pdf\">No Limits Paddle Club<\/a><\/p>\n<p>&nbsp;<\/p>\n","protected":false},"excerpt":{"rendered":"<p>Der dritte Freitag im Monat ist f\u00fcr den No Limits Paddle Club reserviert! Entstanden aus einer sommerlichen Laune heraus wurde ich immer wieder auf diesen Probeballon angesprochen. Ob es nicht [&hellip;]<\/p>\n","protected":false},"author":2,"featured_media":0,"parent":0,"menu_order":0,"comment_status":"closed","ping_status":"closed","template":"","meta":{"_et_pb_use_builder":"","_et_pb_old_content":"","_et_gb_content_width":"","_exactmetrics_skip_tracking":false,"_exactmetrics_sitenote_active":false,"_exactmetrics_sitenote_note":"","_exactmetrics_sitenote_category":0,"jetpack_post_was_ever_published":false,"footnotes":""},"jetpack_sharing_enabled":true,"jetpack_shortlink":"https:\/\/wp.me\/P8QwXP-4Vm","_links":{"self":[{"href":"https:\/\/www.nolimits.bar\/de\/wp-json\/wp\/v2\/pages\/18932"}],"collection":[{"href":"https:\/\/www.nolimits.bar\/de\/wp-json\/wp\/v2\/pages"}],"about":[{"href":"https:\/\/www.nolimits.bar\/de\/wp-json\/wp\/v2\/types\/page"}],"author":[{"embeddable":true,"href":"https:\/\/www.nolimits.bar\/de\/wp-json\/wp\/v2\/users\/2"}],"replies":[{"embeddable":true,"href":"https:\/\/www.nolimits.bar\/de\/wp-json\/wp\/v2\/comments?post=18932"}],"version-history":[{"count":4,"href":"https:\/\/www.nolimits.bar\/de\/wp-json\/wp\/v2\/pages\/18932\/revisions"}],"predecessor-version":[{"id":19326,"href":"https:\/\/www.nolimits.bar\/de\/wp-json\/wp\/v2\/pages\/18932\/revisions\/19326"}],"wp:attachment":[{"href":"https:\/\/www.nolimits.bar\/de\/wp-json\/wp\/v2\/media?parent=18932"}],"curies":[{"name":"wp","href":"https:\/\/api.w.org\/{rel}","templated":true}]}}