{"id":1999,"date":"2016-06-08T16:59:24","date_gmt":"2016-06-08T14:59:24","guid":{"rendered":"http:\/\/www.nolimits.bar\/de\/?page_id=1999"},"modified":"2023-11-04T18:07:03","modified_gmt":"2023-11-04T17:07:03","slug":"spanking-stammtisch","status":"publish","type":"page","link":"https:\/\/www.nolimits.bar\/de\/spanking-stammtisch\/","title":{"rendered":"Spanking in Action"},"content":{"rendered":"<p>[et_pb_section fb_built=&#8221;1&#8243; admin_label=&#8221;section&#8221; _builder_version=&#8221;4.16&#8243; global_colors_info=&#8221;{}&#8221;][et_pb_row column_structure=&#8221;1_3,2_3&#8243; admin_label=&#8221;row&#8221; _builder_version=&#8221;4.16&#8243; background_size=&#8221;initial&#8221; background_position=&#8221;top_left&#8221; background_repeat=&#8221;repeat&#8221; global_colors_info=&#8221;{}&#8221;][et_pb_column type=&#8221;1_3&#8243; _builder_version=&#8221;4.16&#8243; custom_padding=&#8221;|||&#8221; global_colors_info=&#8221;{}&#8221; custom_padding__hover=&#8221;|||&#8221;][et_pb_image src=&#8221;https:\/\/www.nolimits.bar\/de\/wp-content\/uploads\/2018\/07\/start_gallery_16.jpg&#8221; align_tablet=&#8221;center&#8221; align_phone=&#8221;&#8221; align_last_edited=&#8221;on|desktop&#8221; _builder_version=&#8221;4.16&#8243; global_colors_info=&#8221;{}&#8221;]<br \/>\n[\/et_pb_image][et_pb_image src=&#8221;https:\/\/www.nolimits.bar\/de\/wp-content\/uploads\/2017\/05\/IMG_7277_Lightroom.jpg&#8221; align_tablet=&#8221;center&#8221; align_phone=&#8221;&#8221; align_last_edited=&#8221;on|desktop&#8221; admin_label=&#8221;Bild&#8221; _builder_version=&#8221;4.16&#8243; animation_style=&#8221;slide&#8221; animation_direction=&#8221;left&#8221; animation_duration=&#8221;500ms&#8221; animation_intensity_slide=&#8221;10%&#8221; use_border_color=&#8221;off&#8221; global_colors_info=&#8221;{}&#8221;]<br \/>\n[\/et_pb_image][et_pb_image src=&#8221;https:\/\/www.nolimits.bar\/de\/wp-content\/uploads\/2018\/07\/54A8769.jpg&#8221; align_tablet=&#8221;center&#8221; align_phone=&#8221;&#8221; align_last_edited=&#8221;on|desktop&#8221; _builder_version=&#8221;4.16&#8243; global_colors_info=&#8221;{}&#8221;]<br \/>\n[\/et_pb_image][et_pb_image src=&#8221;https:\/\/www.nolimits.bar\/de\/wp-content\/uploads\/2018\/06\/IMG_20180614_232706.jpg&#8221; align_tablet=&#8221;center&#8221; align_phone=&#8221;&#8221; align_last_edited=&#8221;on|desktop&#8221; _builder_version=&#8221;4.16&#8243; global_colors_info=&#8221;{}&#8221;]<br \/>\n[\/et_pb_image][et_pb_image src=&#8221;https:\/\/www.nolimits.bar\/de\/wp-content\/uploads\/2017\/05\/H1A0614.jpg&#8221; align_tablet=&#8221;center&#8221; align_phone=&#8221;&#8221; align_last_edited=&#8221;on|desktop&#8221; admin_label=&#8221;Bild&#8221; _builder_version=&#8221;4.16&#8243; animation_style=&#8221;slide&#8221; animation_direction=&#8221;left&#8221; animation_duration=&#8221;500ms&#8221; animation_intensity_slide=&#8221;10%&#8221; use_border_color=&#8221;off&#8221; global_colors_info=&#8221;{}&#8221;]<br \/>\n[\/et_pb_image][et_pb_image src=&#8221;https:\/\/www.nolimits.bar\/de\/wp-content\/uploads\/2018\/07\/54A8863.jpg&#8221; align_tablet=&#8221;center&#8221; align_phone=&#8221;&#8221; align_last_edited=&#8221;on|desktop&#8221; _builder_version=&#8221;4.16&#8243; global_colors_info=&#8221;{}&#8221;]<br \/>\n[\/et_pb_image][et_pb_image src=&#8221;https:\/\/www.nolimits.bar\/de\/wp-content\/uploads\/2018\/07\/AS1_2409_LR_4K_Q85.jpg&#8221; align_tablet=&#8221;center&#8221; align_phone=&#8221;&#8221; align_last_edited=&#8221;on|desktop&#8221; _builder_version=&#8221;4.16&#8243; global_colors_info=&#8221;{}&#8221;]<br \/>\n[\/et_pb_image][et_pb_image src=&#8221;https:\/\/www.nolimits.bar\/de\/wp-content\/uploads\/2018\/07\/20180216-_54A0360.jpg&#8221; align_tablet=&#8221;center&#8221; align_phone=&#8221;&#8221; align_last_edited=&#8221;on|desktop&#8221; _builder_version=&#8221;4.16&#8243; global_colors_info=&#8221;{}&#8221;]<br \/>\n[\/et_pb_image][\/et_pb_column][et_pb_column type=&#8221;2_3&#8243; _builder_version=&#8221;4.16&#8243; custom_padding=&#8221;|||&#8221; global_colors_info=&#8221;{}&#8221; custom_padding__hover=&#8221;|||&#8221;][et_pb_text _builder_version=&#8221;4.22.1&#8243; background_size=&#8221;initial&#8221; background_position=&#8221;top_left&#8221; background_repeat=&#8221;repeat&#8221; vertical_offset_tablet=&#8221;0&#8243; horizontal_offset_tablet=&#8221;0&#8243; hover_enabled=&#8221;0&#8243; z_index_tablet=&#8221;500&#8243; text_text_shadow_horizontal_length_tablet=&#8221;0px&#8221; text_text_shadow_vertical_length_tablet=&#8221;0px&#8221; text_text_shadow_blur_strength_tablet=&#8221;1px&#8221; link_text_shadow_horizontal_length_tablet=&#8221;0px&#8221; link_text_shadow_vertical_length_tablet=&#8221;0px&#8221; link_text_shadow_blur_strength_tablet=&#8221;1px&#8221; ul_text_shadow_horizontal_length_tablet=&#8221;0px&#8221; ul_text_shadow_vertical_length_tablet=&#8221;0px&#8221; ul_text_shadow_blur_strength_tablet=&#8221;1px&#8221; ol_text_shadow_horizontal_length_tablet=&#8221;0px&#8221; ol_text_shadow_vertical_length_tablet=&#8221;0px&#8221; ol_text_shadow_blur_strength_tablet=&#8221;1px&#8221; quote_text_shadow_horizontal_length_tablet=&#8221;0px&#8221; quote_text_shadow_vertical_length_tablet=&#8221;0px&#8221; quote_text_shadow_blur_strength_tablet=&#8221;1px&#8221; header_text_shadow_horizontal_length_tablet=&#8221;0px&#8221; header_text_shadow_vertical_length_tablet=&#8221;0px&#8221; header_text_shadow_blur_strength_tablet=&#8221;1px&#8221; header_2_text_shadow_horizontal_length_tablet=&#8221;0px&#8221; header_2_text_shadow_vertical_length_tablet=&#8221;0px&#8221; header_2_text_shadow_blur_strength_tablet=&#8221;1px&#8221; header_3_text_shadow_horizontal_length_tablet=&#8221;0px&#8221; header_3_text_shadow_vertical_length_tablet=&#8221;0px&#8221; header_3_text_shadow_blur_strength_tablet=&#8221;1px&#8221; header_4_text_shadow_horizontal_length_tablet=&#8221;0px&#8221; header_4_text_shadow_vertical_length_tablet=&#8221;0px&#8221; header_4_text_shadow_blur_strength_tablet=&#8221;1px&#8221; header_5_text_shadow_horizontal_length_tablet=&#8221;0px&#8221; header_5_text_shadow_vertical_length_tablet=&#8221;0px&#8221; header_5_text_shadow_blur_strength_tablet=&#8221;1px&#8221; header_6_text_shadow_horizontal_length_tablet=&#8221;0px&#8221; header_6_text_shadow_vertical_length_tablet=&#8221;0px&#8221; header_6_text_shadow_blur_strength_tablet=&#8221;1px&#8221; box_shadow_horizontal_tablet=&#8221;0px&#8221; box_shadow_vertical_tablet=&#8221;0px&#8221; box_shadow_blur_tablet=&#8221;40px&#8221; box_shadow_spread_tablet=&#8221;0px&#8221; use_border_color=&#8221;off&#8221; global_colors_info=&#8221;{}&#8221; sticky_enabled=&#8221;0&#8243;]<\/p>\n<h3 style=\"text-align: center;\">Spanking in Action<br \/>jeden 2. Donnerstag im Monat<\/h3>\n<p>Spanking in Action ist ein Treff f\u00fcr spankingbegeisterte Personen.\u00a0<\/p>\n<p>Es wird jedes Mal ein Thema vorgegeben. Gerne k\u00f6nnen sich Personen melden, die (als aktiver oder passiver Part) bei einer Performance dabei sein oder eine Vorf\u00fchrung selber durchf\u00fchren wollen. Es findet sich meist der entsprechende Gegenpart f\u00fcr dich.<\/p>\n<p>Zu diesem und anderen Spankingthemen kann den ganzen Abend lang gefachsimpelt, debattiert und ausprobiert werden!<\/p>\n<p>&nbsp;<\/p>\n<p style=\"text-align: center;\">All the Best and Happy Spanking. <i class=\"_lew\" title=\"\u201egrin\u201c-Emoticon\"><i class=\"_4-k1 img sp_fM-mz8spZ1b sx_d580ab\"><\/i><span class=\"_4mcd\">\ud83d\ude00<\/span><\/i><\/p>\n<p style=\"text-align: center;\">No Limits<\/p>\n<p>[\/et_pb_text][\/et_pb_column][\/et_pb_row][\/et_pb_section]<\/p>\n","protected":false},"excerpt":{"rendered":"<p>Spanking in Actionjeden 2. Donnerstag im Monat Spanking in Action ist ein Treff f\u00fcr spankingbegeisterte Personen.\u00a0 Es wird jedes Mal ein Thema vorgegeben. Gerne k\u00f6nnen sich Personen melden, die (als [&hellip;]<\/p>\n","protected":false},"author":2,"featured_media":0,"parent":0,"menu_order":0,"comment_status":"closed","ping_status":"closed","template":"","meta":{"_et_pb_use_builder":"on","_et_pb_old_content":"","_et_gb_content_width":"","_exactmetrics_skip_tracking":false,"_exactmetrics_sitenote_active":false,"_exactmetrics_sitenote_note":"","_exactmetrics_sitenote_category":0,"jetpack_post_was_ever_published":false,"footnotes":""},"jetpack_sharing_enabled":true,"jetpack_shortlink":"https:\/\/wp.me\/P8QwXP-wf","_links":{"self":[{"href":"https:\/\/www.nolimits.bar\/de\/wp-json\/wp\/v2\/pages\/1999"}],"collection":[{"href":"https:\/\/www.nolimits.bar\/de\/wp-json\/wp\/v2\/pages"}],"about":[{"href":"https:\/\/www.nolimits.bar\/de\/wp-json\/wp\/v2\/types\/page"}],"author":[{"embeddable":true,"href":"https:\/\/www.nolimits.bar\/de\/wp-json\/wp\/v2\/users\/2"}],"replies":[{"embeddable":true,"href":"https:\/\/www.nolimits.bar\/de\/wp-json\/wp\/v2\/comments?post=1999"}],"version-history":[{"count":4,"href":"https:\/\/www.nolimits.bar\/de\/wp-json\/wp\/v2\/pages\/1999\/revisions"}],"predecessor-version":[{"id":12835,"href":"https:\/\/www.nolimits.bar\/de\/wp-json\/wp\/v2\/pages\/1999\/revisions\/12835"}],"wp:attachment":[{"href":"https:\/\/www.nolimits.bar\/de\/wp-json\/wp\/v2\/media?parent=1999"}],"curies":[{"name":"wp","href":"https:\/\/api.w.org\/{rel}","templated":true}]}}