{"id":2379,"date":"2016-08-21T10:54:27","date_gmt":"2016-08-21T08:54:27","guid":{"rendered":"http:\/\/www.nolimits.bar\/de\/?page_id=2379"},"modified":"2024-12-26T16:13:24","modified_gmt":"2024-12-26T15:13:24","slug":"veranstaltungsmoeglichkeiten","status":"publish","type":"page","link":"https:\/\/www.nolimits.bar\/de\/veranstaltungsmoeglichkeiten\/","title":{"rendered":"Veranstaltungsm\u00f6glichkeiten"},"content":{"rendered":"<p>[et_pb_section fb_built=&#8221;1&#8243; admin_label=&#8221;section&#8221; _builder_version=&#8221;4.16&#8243; global_colors_info=&#8221;{}&#8221;][et_pb_row column_structure=&#8221;2_3,1_3&#8243; admin_label=&#8221;row&#8221; _builder_version=&#8221;4.16&#8243; background_size=&#8221;initial&#8221; background_position=&#8221;top_left&#8221; background_repeat=&#8221;repeat&#8221; global_colors_info=&#8221;{}&#8221;][et_pb_column type=&#8221;2_3&#8243; _builder_version=&#8221;4.16&#8243; custom_padding=&#8221;|||&#8221; global_colors_info=&#8221;{}&#8221; custom_padding__hover=&#8221;|||&#8221;][et_pb_text _builder_version=&#8221;4.27.4&#8243; background_size=&#8221;initial&#8221; background_position=&#8221;top_left&#8221; background_repeat=&#8221;repeat&#8221; hover_enabled=&#8221;0&#8243; use_border_color=&#8221;off&#8221; global_colors_info=&#8221;{}&#8221; sticky_enabled=&#8221;0&#8243;]<\/p>\n<h2>Veranstaltungsm\u00f6glichkeiten im No Limits<\/h2>\n<p>Ihr seid im No Limits an jeden Mittwoch, Donnerstag, Freitag und Samstag ganz herzlich willkommen. Schaut einfach auf den <a href=\"http:\/\/www.nolimits.bar\/de\/events\/\">Veranstaltungskalender<\/a>, um zu sehen, was diese Woche an Veranstaltungen des No Limits stattfinden:<br \/>Das No Limits erstreckt sich \u00fcber 140 m\u00b2 in einem beeindruckenden historischen Kellergew\u00f6lbe. Trotz der alten Bausubstanz ist die Ausstattung hochmodern: Fu\u00dfbodenheizung, eine Freitreppe direkt vom Stra\u00dfeneingang, gro\u00dfz\u00fcgige Sanit\u00e4rr\u00e4umlichkeiten und eine gut best\u00fcckte Bar.<br \/>Funktional gliedert sich der Raum wie folgt:<\/p>\n<ul>\n<li>Eingangsbereich im Parterre<\/li>\n<li>Stiegenabgang mit unterschiedlichen Aufbewahrungorten (K\u00e4fige) f\u00fcr devote Personen<\/li>\n<li>Loungebereich mit gem\u00fctlichen Sitzm\u00f6beln zum Diskutieren und Analysieren<\/li>\n<li>Barbereich<\/li>\n<li>Tanz- und Spielbereich<\/li>\n<li>Rot-Kreuz-Bereich<\/li>\n<\/ul>\n<p>Zus\u00e4tzlich gibt es eine gro\u00dfz\u00fcgige Garderobe\u00a0(Haftungsausschluss!), in der \u00fcbersch\u00fcssige Kleidung verwahrt werden kann.\u00a0 Unsere Dusche ist von der Bar aus \u00fcber eine Glaswand einsehbar. Vor dieser Glaswand befinden sich geeignete M\u00f6glichkeiten um devote Personen zu fixieren.<\/p>\n<p><strong>*) Das No Limits Caf\u00e9 &amp; Lounge<\/strong><br \/>Wenn du einfach mal zwanglos bei uns vorbeischauen m\u00f6chtest bieten sich die No Limits Caf\u00e9 &amp; Lounge Abende an. Es gibt keinen Eintritt und keinen Dress Code. F\u00fcr alle, die neugierig sind, mit interessanten Menschen plaudern wollen, die das No Limits kennenlernen, Neues \u00fcber SM und Fetisch erfahren oder einfach nur einen entspannten Abend in anregender Umgebung erleben wollen, ist das genau das Richtige. Selbstverst\u00e4ndlich stehen euch alle Einrichtungen zum Spielen an diesen Abenden zur Verf\u00fcgung. Eurer Phantasie werden keine Grenzen gesetzt!<\/p>\n<p><strong>*) No Limits Partys:<\/strong><br \/>Das No Limits bietet in unregelm\u00e4\u00dfigen Abst\u00e4nden Play und\/oder Dance Partys zu unterschiedlichsten Themen an. Bei den Playpartys geben wir einen Rahmen vor und laden zum Spielen ein, indem wir uns zu jedem Thema prickelnde Spielanleitungen einfallen lassen. Es gibt auch Regeln, damit alle ein \u00e4hnliches Spiel spielen und es an vielen Stellen zu knistern beginnen kann. Der Dresscode richtet sich nach dem Motto des Events. Die Protagonisten des Abends seid aber ihr. Einem grenzenlosen Spielvergn\u00fcgen steht nichts mehr im Weg.<\/p>\n<p><strong>*) No Limits Workshops:<\/strong><br \/>Bei unseren Workshops\u00a0geht es uns nicht nur darum, euch SM-Themen aus unseren langj\u00e4hrigen Erfahrungen n\u00e4herzubringen, sondern auch sie gemeinsam erlebbar und sp\u00fcrbar zu machen. Wir wollen euch ohne Denkverbote und Scheuklappen neue Horizonte auftun.<\/p>\n<p><strong>*) No Limits Stammtische:<\/strong><br \/>Das Wort ist eigentlich etwas irref\u00fchrend. Es geht eher um ein gemeinsames Spielen und den Austausch \u00fcber M\u00f6glichkeiten das Spiel zu bereichern. Zuschauer(innen) sind ebenso willkommen wie Menschen, die das Spiel erleben und erfahren wollen. Siehe dazu freilich immer die NoGos, unsere Grunds\u00e4tze und unsere BDSM-Hausordnung.<br \/>Bei den Stammtischen ist der Eintritt immer frei.<\/p>\n<p>&nbsp;<\/p>\n<p>[\/et_pb_text][et_pb_text _builder_version=&#8221;4.27.4&#8243; hover_enabled=&#8221;0&#8243; global_colors_info=&#8221;{}&#8221; sticky_enabled=&#8221;0&#8243;]<\/p>\n<p><span lang=\"de-DE\">Ihr k\u00f6nnt das No Limits auch mieten:<\/span><\/p>\n<ul>\n<li><span lang=\"de-DE\">f\u00fcr Geburtstagspartis<\/span><\/li>\n<li><span lang=\"de-DE\">f\u00fcr eure (Fetisch) -veranstaltung<\/span><\/li>\n<li><span lang=\"de-DE\">f\u00fcr Workshops und Seminare<\/span><\/li>\n<li><span lang=\"de-DE\">f\u00fcr euer Musikevent<\/span><\/li>\n<li><span lang=\"de-DE\">f\u00fcr Feierlichkeiten jeder Art<\/span><\/li>\n<li><span lang=\"de-DE\">zum Spielen in einem exklusiven, etwas privateren Rahmen<\/span><\/li>\n<li><span lang=\"de-DE\">f\u00fcr Fotoshootings<\/span><\/li>\n<li><span lang=\"de-DE\">und f\u00fcr vieles mehr<\/span><\/li>\n<\/ul>\n<p><span lang=\"de-DE\">Basispreis f\u00fcr die Anmietung betr\u00e4gt \u20ac 120.- f\u00fcr die ersten 2 Stunden.<br \/>Jede weiter Stunde kostet \u20ac 40.-.<br \/>Grunds\u00e4tzlich hat der Mieter das No Limits in dem Zustand zu hinterlassen in dem er es vorgefunden hat. Sollte eine spezielle Reinigung notwendig sein, wird diese je nach Aufwand verrechnet. Ebenso sind besch\u00e4digte oder fehlende Ger\u00e4te zu ersetzen.<br \/><\/span><\/p>\n<p><span lang=\"de-DE\">Selbstverst\u00e4ndlich stehen euch dabei auch die Bar und die Musik zur Verf\u00fcgung<\/span><\/p>\n<p><span lang=\"de-DE\">F\u00fcr gr\u00f6\u00dfere Veranstaltungen und\/oder l\u00e4nger andauernde Events k\u00f6nnen die Konditionen individuell verhandelt werden. Ins No Limits kommen und mit uns reden zahlt sich immer aus.<\/span><\/p>\n<p>F\u00fcr uns ist die BDSM- und Fetischgemeinde eine gro\u00dfe Familie. Deswegen wollen wir allen, die das No Limits f\u00fcr Veranstaltungen bzw. eigene Ideen nutzen m\u00f6chten ein Angebot machen:<\/p>\n<p><em>Organisiere deine eigene Veranstaltung!<\/em><\/p>\n<p>Ihr k\u00f6nnt im No Limits ganz leicht eure eigene Veranstaltung organisieren. Die R\u00e4umlichkeiten des No-Limits k\u00f6nnen von euch angemietet werden sofern eure Veranstaltung unseren Grunds\u00e4tzen nicht widerspricht und es zeitlich m\u00f6glich ist. Je fr\u00fcher die Anmeldung erfolgt desto wahrscheinlicher ist es, dass wir eure Terminw\u00fcnsche erf\u00fcllen k\u00f6nnen. Ihr seid f\u00fcr Konzept, Durchf\u00fchrung und Ablauf der Veranstaltung\u00a0 verantwortlich. Ihr k\u00f6nnt Eintrittsgelder verlangen und\/oder ein Buffet anbieten.<\/p>\n<p>Wir betreiben die Bar und stellen die Einhaltung der gewerberechtlichen Vorschriften sicher.<\/p>\n<p><em>Du kannst das No Limits auch f\u00fcr den privaten Gebrauch exklusiv anmieten<\/em><\/p>\n<p>Grunds\u00e4tzlich sind exklusive Anmietungen des No Limits nur au\u00dferhalb der \u00d6ffnungszeiten m\u00f6glich!<\/p>\n<p>[\/et_pb_text][\/et_pb_column][et_pb_column type=&#8221;1_3&#8243; _builder_version=&#8221;4.16&#8243; custom_padding=&#8221;|||&#8221; global_colors_info=&#8221;{}&#8221; custom_padding__hover=&#8221;|||&#8221;][\/et_pb_column][\/et_pb_row][\/et_pb_section]<\/p>\n","protected":false},"excerpt":{"rendered":"<p>Veranstaltungsm\u00f6glichkeiten im No Limits Ihr seid im No Limits an jeden Mittwoch, Donnerstag, Freitag und Samstag ganz herzlich willkommen. Schaut einfach auf den Veranstaltungskalender, um zu sehen, was diese Woche [&hellip;]<\/p>\n","protected":false},"author":2,"featured_media":0,"parent":0,"menu_order":0,"comment_status":"closed","ping_status":"closed","template":"","meta":{"_et_pb_use_builder":"on","_et_pb_old_content":"","_et_gb_content_width":"","_exactmetrics_skip_tracking":false,"_exactmetrics_sitenote_active":false,"_exactmetrics_sitenote_note":"","_exactmetrics_sitenote_category":0,"jetpack_post_was_ever_published":false,"footnotes":""},"jetpack_sharing_enabled":true,"jetpack_shortlink":"https:\/\/wp.me\/P8QwXP-Cn","_links":{"self":[{"href":"https:\/\/www.nolimits.bar\/de\/wp-json\/wp\/v2\/pages\/2379"}],"collection":[{"href":"https:\/\/www.nolimits.bar\/de\/wp-json\/wp\/v2\/pages"}],"about":[{"href":"https:\/\/www.nolimits.bar\/de\/wp-json\/wp\/v2\/types\/page"}],"author":[{"embeddable":true,"href":"https:\/\/www.nolimits.bar\/de\/wp-json\/wp\/v2\/users\/2"}],"replies":[{"embeddable":true,"href":"https:\/\/www.nolimits.bar\/de\/wp-json\/wp\/v2\/comments?post=2379"}],"version-history":[{"count":4,"href":"https:\/\/www.nolimits.bar\/de\/wp-json\/wp\/v2\/pages\/2379\/revisions"}],"predecessor-version":[{"id":19065,"href":"https:\/\/www.nolimits.bar\/de\/wp-json\/wp\/v2\/pages\/2379\/revisions\/19065"}],"wp:attachment":[{"href":"https:\/\/www.nolimits.bar\/de\/wp-json\/wp\/v2\/media?parent=2379"}],"curies":[{"name":"wp","href":"https:\/\/api.w.org\/{rel}","templated":true}]}}