{"id":3745,"date":"2017-11-10T21:04:01","date_gmt":"2017-11-10T20:04:01","guid":{"rendered":"http:\/\/www.nolimits.bar\/de\/?page_id=3745"},"modified":"2025-09-26T17:14:15","modified_gmt":"2025-09-26T15:14:15","slug":"fuehl-dich-sicher","status":"publish","type":"page","link":"https:\/\/www.nolimits.bar\/de\/fuehl-dich-sicher\/","title":{"rendered":"F\u00fchl dich sicher"},"content":{"rendered":"<p>[et_pb_section fb_built=&#8221;1&#8243; _builder_version=&#8221;4.16&#8243; global_colors_info=&#8221;{}&#8221;][et_pb_row _builder_version=&#8221;4.16&#8243; background_size=&#8221;initial&#8221; background_position=&#8221;top_left&#8221; background_repeat=&#8221;repeat&#8221; global_colors_info=&#8221;{}&#8221;][et_pb_column type=&#8221;4_4&#8243; _builder_version=&#8221;4.16&#8243; custom_padding=&#8221;|||&#8221; global_colors_info=&#8221;{}&#8221; custom_padding__hover=&#8221;|||&#8221;][et_pb_post_title meta=&#8221;off&#8221; featured_image=&#8221;off&#8221; _builder_version=&#8221;4.16&#8243; global_colors_info=&#8221;{}&#8221;][\/et_pb_post_title][et_pb_text _builder_version=&#8221;4.27.4&#8243; hover_enabled=&#8221;0&#8243; global_colors_info=&#8221;{}&#8221; sticky_enabled=&#8221;0&#8243;]<\/p>\n<p>Wenn du die Stufen ins No Limits hinabsteigst k\u00f6nnte dir ein Rendez-vous mit deinen W\u00fcnschen, Sehns\u00fcchten und Tr\u00e4umen bevorstehen. Gerade bei unseren Events wollen wir dich in eine erotische Phantasiewelt eintauchen lassen. Deswegen versuchen wir auch eine anregende Spielatmosph\u00e4re aufzubauen.<\/p>\n<p>Im Rahmen eines Spiels kann im No Limits sehr viel passieren. Trotzdem muss Jeder und Jedem klar sein, dass es sich immer nur um ein Spiel handelt.<\/p>\n<p>Es gelten dabei zu <u>jeder Zeit<\/u> die klassischen Spielregeln:<\/p>\n<ul>\n<li>S\u00e4mtliche Handlungen erfolgen im Einvernehmen aller beteiligter Personen<\/li>\n<li>Jede Person hat mit dem entsprechenden Respekt von seiner oder ihrer Pers\u00f6nlichkeit behandelt zu werden; selbst wenn seine oder ihre sexuelle Figur im Spiel noch so sehr gedem\u00fctigt wird.<\/li>\n<li>Von Personen, die spielen, haben alle anderen einen entsprechenden Respektabstand einzuhalten. Zum Mitspielen ben\u00f6tigt man eine \u2013 m\u00f6glicherweise auch konkludente &#8211; Einladung durch die Spieler(innen).<\/li>\n<li>Es haben nur Personen im No Limits Zutritt, die in der Lage sind selbstverantwortlich mit den Thematiken rund um BDSM und Fetisch umzugehen. Wir empfehlen ausdr\u00fccklich, dass nur psychisch starke Personen an Spielen teilnehmen.<\/li>\n<li>Jede Besucherin und jeder Besuchen kann auch ins No Limits kommen und an keinen spielerischen Handlungen teilnehmen, nur Beobachter(in) und Genie\u00dfer(in) sein. Das ist fast regelm\u00e4\u00dfig die Mehrheit.<\/li>\n<\/ul>\n<p>&nbsp;<\/p>\n<p>Bitte lest euch vor dem ersten Besuch im No Limits die <a href=\"http:\/\/www.nolimits.bar\/de\/no-limits-hausordnung\/\">Hausordnung<\/a> aufmerksam durch. Zuwiderhandeln gegen die Hausordnungen kann zu einem tempor\u00e4ren oder unbefristeten Ausschluss vom Aufenthalt im No Limits f\u00fchren. Wir behalten uns vor, Personen, von denen wir subjektiv annehmen, dass sie nicht \u00fcber die psychischen Voraussetzungen zum Besuch unseres Lokals verf\u00fcgen oder die keine Affinit\u00e4t zum Thema unseres Lokals haben von bestimmten Veranstaltungen oder komplett vom Besuch des Lokals auszuschlie\u00dfen. Das gilt auch unbeschadet des Besitzes etwaiger Eintrittskarten oder \u00e4hnlicher Zugangsversprechungen.<\/p>\n<p>&nbsp;<\/p>\n<p>Das Konzept des No Limits ist darauf aufgebaut eine sichere Spielatmosph\u00e4re zu schaffen, in der sich Jede und Jeder wohlf\u00fchlt und sich fallen lassen kann. Es vergeht bei uns kaum ein Abend, an dem nicht gespielt wird. Das ist genau dieser Philosophie geschuldet.<\/p>\n<p>Zentral f\u00fcrs No Limits sind die\u00a0<strong>strikten Regeln zur Diskretion<\/strong>. Alles, was im No Limits passiert, bleibt dort und verl\u00e4sst nicht die R\u00e4umlichkeiten!<\/p>\n<p>Wir behalten uns zudem explizit vor, Personen des Lokals zu verweisen, von denen wir subjektiv annehmen, dass sie nicht ins Lokal passen bzw. nicht unserer Zielgruppe von aufgekl\u00e4rten, selbstverantwortlichen, erwachsenen Menschen entsprechen, die ein Faible f\u00fcr BDSM oder einen Fetisch haben.<\/p>\n<p>&nbsp;<\/p>\n<p>[\/et_pb_text][\/et_pb_column][\/et_pb_row][\/et_pb_section]<\/p>\n","protected":false},"excerpt":{"rendered":"<p>Wenn du die Stufen ins No Limits hinabsteigst k\u00f6nnte dir ein Rendez-vous mit deinen W\u00fcnschen, Sehns\u00fcchten und Tr\u00e4umen bevorstehen. Gerade bei unseren Events wollen wir dich in eine erotische Phantasiewelt [&hellip;]<\/p>\n","protected":false},"author":2,"featured_media":4858,"parent":0,"menu_order":0,"comment_status":"closed","ping_status":"closed","template":"","meta":{"_et_pb_use_builder":"on","_et_pb_old_content":"<p>Wenn du die Stufen ins No Limits hinabsteigst k\u00f6nnte dir ein Rendez-vous mit deinen W\u00fcnschen, Sehns\u00fcchten und Tr\u00e4umen bevorstehen. Gerade bei unseren Events wollen wir dich in eine erotische Phantasiewelt eintauchen lassen. Deswegen versuchen wir auch eine anregende Spielatmosph\u00e4re aufzubauen.<\/p><p>Im Rahmen eines Spiels kann im No Limits sehr viel passieren. Trotzdem muss Jeder und Jedem klar sein, dass es sich immer nur um ein Spiel handelt.<\/p><p>Es gelten dabei zu <u>jeder Zeit<\/u> die klassischen Spielregeln:<\/p><ul><li>S\u00e4mtliche Handlungen erfolgen im Einvernehmen aller beteiligter Personen<\/li><li>Jede Person hat mit dem entsprechenden Respekt von seiner oder ihrer Pers\u00f6nlichkeit behandelt zu werden; selbst wenn seine oder ihre sexuelle Figur im Spiel noch so sehr gedem\u00fctigt wird.<\/li><li>Von Personen, die spielen, haben alle anderen einen entsprechenden Respektabstand einzuhalten. Zum Mitspielen ben\u00f6tigt man eine \u2013 m\u00f6glicherweise auch konkludente - Einladung durch die Spieler(innen).<\/li><li>Es haben nur Personen im No Limits Zutritt, die in der Lage sind selbstverantwortlich mit den Thematiken rund um BDSM und Fetisch umzugehen. Wir empfehlen ausdr\u00fccklich, dass nur psychisch starke Personen an Spielen teilnehmen.<\/li><li>Jede Besucherin und jeder Besuchen kann auch ins No Limits kommen und an keinen spielerischen Handlungen teilnehmen, nur Beobachter(in) und Genie\u00dfer(in) sein. Das ist fast regelm\u00e4\u00dfig die Mehrheit.<\/li><\/ul><p>\u00a0<\/p><p>Bitte lest euch vor dem ersten Besuch im No Limits die <a href=\"http:\/\/www.nolimits.bar\/de\/hausordnung\/\">Hausordnung<\/a> und die <a href=\"http:\/\/www.nolimits.bar\/de\/bdsm-hausordnung\/\">BDSM Hausordnung<\/a> aufmerksam durch. Zuwiderhandeln gegen die Hausordnungen kann zu einem tempor\u00e4ren oder unbefristeten Ausschluss vom Aufenthalt im No Limits f\u00fchren. Wir behalten uns vor, Personen, von denen wir subjektiv annehmen, dass sie nicht \u00fcber die psychischen Voraussetzungen zum Besuch unseres Lokals verf\u00fcgen oder die keine Affinit\u00e4t zum Thema unseres Lokals haben von bestimmten Veranstaltungen oder komplett vom Besuch des Lokals auszuschlie\u00dfen. Das gilt auch unbeschadet des Besitzes etwaiger Eintrittskarten oder \u00e4hnlicher Zugangsversprechungen.<\/p>","_et_gb_content_width":"","_exactmetrics_skip_tracking":false,"_exactmetrics_sitenote_active":false,"_exactmetrics_sitenote_note":"","_exactmetrics_sitenote_category":0,"jetpack_post_was_ever_published":false,"footnotes":""},"jetpack_sharing_enabled":true,"jetpack_shortlink":"https:\/\/wp.me\/P8QwXP-Yp","_links":{"self":[{"href":"https:\/\/www.nolimits.bar\/de\/wp-json\/wp\/v2\/pages\/3745"}],"collection":[{"href":"https:\/\/www.nolimits.bar\/de\/wp-json\/wp\/v2\/pages"}],"about":[{"href":"https:\/\/www.nolimits.bar\/de\/wp-json\/wp\/v2\/types\/page"}],"author":[{"embeddable":true,"href":"https:\/\/www.nolimits.bar\/de\/wp-json\/wp\/v2\/users\/2"}],"replies":[{"embeddable":true,"href":"https:\/\/www.nolimits.bar\/de\/wp-json\/wp\/v2\/comments?post=3745"}],"version-history":[{"count":4,"href":"https:\/\/www.nolimits.bar\/de\/wp-json\/wp\/v2\/pages\/3745\/revisions"}],"predecessor-version":[{"id":19499,"href":"https:\/\/www.nolimits.bar\/de\/wp-json\/wp\/v2\/pages\/3745\/revisions\/19499"}],"wp:featuredmedia":[{"embeddable":true,"href":"https:\/\/www.nolimits.bar\/de\/wp-json\/wp\/v2\/media\/4858"}],"wp:attachment":[{"href":"https:\/\/www.nolimits.bar\/de\/wp-json\/wp\/v2\/media?parent=3745"}],"curies":[{"name":"wp","href":"https:\/\/api.w.org\/{rel}","templated":true}]}}