{"id":40,"date":"2015-06-30T19:49:58","date_gmt":"2015-06-30T17:49:58","guid":{"rendered":"https:\/\/host20.ssl-gesichert.at\/nolimits_bar\/?page_id=40"},"modified":"2022-10-08T22:05:56","modified_gmt":"2022-10-08T20:05:56","slug":"lage","status":"publish","type":"page","link":"https:\/\/www.nolimits.bar\/de\/lage\/","title":{"rendered":"Lage"},"content":{"rendered":"<p>[et_pb_section fb_built=&#8221;1&#8243; custom_padding_last_edited=&#8221;on|desktop&#8221; admin_label=&#8221;section&#8221; _builder_version=&#8221;4.16&#8243; background_color=&#8221;#f2f2f2&#8243; custom_padding_tablet=&#8221;50px|0|50px|0&#8243; transparent_background=&#8221;off&#8221; padding_mobile=&#8221;off&#8221; make_fullwidth=&#8221;off&#8221; use_custom_width=&#8221;off&#8221; width_unit=&#8221;on&#8221; global_colors_info=&#8221;{}&#8221; custom_padding_phone=&#8221;50px|0|50px|0&#8243;][et_pb_row admin_label=&#8221;row&#8221; _builder_version=&#8221;4.16&#8243; background_size=&#8221;initial&#8221; background_position=&#8221;top_left&#8221; background_repeat=&#8221;repeat&#8221; global_colors_info=&#8221;{}&#8221;][et_pb_column type=&#8221;4_4&#8243; _builder_version=&#8221;4.16&#8243; custom_padding=&#8221;|||&#8221; global_colors_info=&#8221;{}&#8221; custom_padding__hover=&#8221;|||&#8221;][et_pb_text admin_label=&#8221;Text&#8221; _builder_version=&#8221;4.16&#8243; background_size=&#8221;initial&#8221; background_position=&#8221;top_left&#8221; background_repeat=&#8221;repeat&#8221; use_border_color=&#8221;off&#8221; border_color=&#8221;#ffffff&#8221; border_style=&#8221;solid&#8221; global_colors_info=&#8221;{}&#8221;]<\/p>\n<h3><span style=\"color: #000000;\"><strong>Wo befindet sich und was ist das No-Limits?<\/strong><\/span><\/h3>\n<p>[\/et_pb_text][et_pb_text admin_label=&#8221;Text&#8221; _builder_version=&#8221;4.16&#8243; background_size=&#8221;initial&#8221; background_position=&#8221;top_left&#8221; background_repeat=&#8221;repeat&#8221; use_border_color=&#8221;off&#8221; border_color=&#8221;#ffffff&#8221; border_style=&#8221;solid&#8221; global_colors_info=&#8221;{}&#8221;]<span style=\"color: #000000;\">Das No-Limits befindet sich in der Wurmbstra\u00dfe 36\/1, in sehr verkehrsg\u00fcnstiger Lage, 1 Gehminute vom Bahnhof Wien-Meidling = U-Bahn Station entfernt.<\/span><br \/>\n[\/et_pb_text][et_pb_code admin_label=&#8221;Code&#8221; _builder_version=&#8221;4.18.0&#8243; hover_enabled=&#8221;0&#8243; global_colors_info=&#8221;{}&#8221; sticky_enabled=&#8221;0&#8243;]<iframe loading=\"lazy\" style=\"border: 0;\" src=\"https:\/\/www.google.com\/maps\/embed?pb=!1m18!1m12!1m3!1d2660.808855897111!2d16.333009600000004!3d48.17176510000001!2m3!1f0!2f0!3f0!3m2!1i1024!2i768!4f13.1!3m3!1m2!1s0x476da8411122490f%3A0x21ee8c3e0cd02573!2sWurmbstra%C3%9Fe+36%2C+1120+Wien!5e0!3m2!1sde!2sat!4v1439407293912\" width=\"800\" height=\"350\" frameborder=\"0\" allowfullscreen=\"allowfullscreen\"><\/iframe>[\/et_pb_code][et_pb_text admin_label=&#8221;Text&#8221; _builder_version=&#8221;4.18.0&#8243; background_size=&#8221;initial&#8221; background_position=&#8221;top_left&#8221; background_repeat=&#8221;repeat&#8221; hover_enabled=&#8221;0&#8243; use_border_color=&#8221;off&#8221; border_color=&#8221;#ffffff&#8221; border_style=&#8221;solid&#8221; global_colors_info=&#8221;{}&#8221; sticky_enabled=&#8221;0&#8243;]<\/p>\n<p><span style=\"color: #000000;\">Anfahrt mit dem Auto: Die Wurmbstra\u00dfe ist eine kleine Verbindungsstra\u00dfe zwischen der Wienerbergstra\u00dfe und der U-Bahn-Station Wien-Meidling. Das Haus, in dem sich das No Limits befindet ist von der Wienerbergstra\u00dfe aus sichtbar. Parkpl\u00e4tze sind grunds\u00e4tzlich sehr leicht zu finden. Zwischen 9.00 und 22.00 existiert eine Kurzparkzone, ausgenommen Samstage, Sonntage und Feiertage.<\/span><\/p>\n<p><span style=\"color: #000000;\">Anfahrt mit \u00f6ffentlichen Verkehrsmitteln: Die meisten internationalen Z\u00fcge sowie die U-Bahn-Linie 6 (U6) halten am Bahnhof Wien-Meidling. Von dort den Ausgang \u201eSchedifkaplatz\u201c nehmen, eine Gehminute die Wurmbstra\u00dfe in Richtung Wienerbergstra\u00dfe gehen. Der Eingang zum No Limits befindet sich bei der goldenen T\u00fcre mit entsprechender Aufschrift.<\/span><\/p>\n<p>[\/et_pb_text][\/et_pb_column][\/et_pb_row][\/et_pb_section]<\/p>\n","protected":false},"excerpt":{"rendered":"<p>Wo befindet sich und was ist das No-Limits? Das No-Limits befindet sich in der Wurmbstra\u00dfe 36\/1, in sehr verkehrsg\u00fcnstiger Lage, 1 Gehminute vom Bahnhof Wien-Meidling = U-Bahn Station entfernt. Anfahrt [&hellip;]<\/p>\n","protected":false},"author":1,"featured_media":0,"parent":0,"menu_order":0,"comment_status":"open","ping_status":"closed","template":"","meta":{"_et_pb_use_builder":"on","_et_pb_old_content":"","_et_gb_content_width":"","_exactmetrics_skip_tracking":false,"_exactmetrics_sitenote_active":false,"_exactmetrics_sitenote_note":"","_exactmetrics_sitenote_category":0,"jetpack_post_was_ever_published":false,"footnotes":""},"jetpack_sharing_enabled":true,"jetpack_shortlink":"https:\/\/wp.me\/P8QwXP-E","_links":{"self":[{"href":"https:\/\/www.nolimits.bar\/de\/wp-json\/wp\/v2\/pages\/40"}],"collection":[{"href":"https:\/\/www.nolimits.bar\/de\/wp-json\/wp\/v2\/pages"}],"about":[{"href":"https:\/\/www.nolimits.bar\/de\/wp-json\/wp\/v2\/types\/page"}],"author":[{"embeddable":true,"href":"https:\/\/www.nolimits.bar\/de\/wp-json\/wp\/v2\/users\/1"}],"replies":[{"embeddable":true,"href":"https:\/\/www.nolimits.bar\/de\/wp-json\/wp\/v2\/comments?post=40"}],"version-history":[{"count":1,"href":"https:\/\/www.nolimits.bar\/de\/wp-json\/wp\/v2\/pages\/40\/revisions"}],"predecessor-version":[{"id":9202,"href":"https:\/\/www.nolimits.bar\/de\/wp-json\/wp\/v2\/pages\/40\/revisions\/9202"}],"wp:attachment":[{"href":"https:\/\/www.nolimits.bar\/de\/wp-json\/wp\/v2\/media?parent=40"}],"curies":[{"name":"wp","href":"https:\/\/api.w.org\/{rel}","templated":true}]}}