{"id":4393,"date":"2018-05-31T11:13:09","date_gmt":"2018-05-31T09:13:09","guid":{"rendered":"http:\/\/www.nolimits.bar\/de\/?page_id=4393"},"modified":"2023-08-31T17:03:17","modified_gmt":"2023-08-31T15:03:17","slug":"datenschutzerklarung","status":"publish","type":"page","link":"https:\/\/www.nolimits.bar\/de\/datenschutzerklarung\/","title":{"rendered":"Datenschutzerkl\u00e4rung"},"content":{"rendered":"<h1>Erkl\u00e4rung zur Erf\u00fcllung datenschutzrechtlicher Informationspflichten<\/h1>\n<h2><strong>1. Grundlagen<\/strong><\/h2>\n<p>Diese Datenschutzerkl\u00e4rung betrifft alle Personen, die die Dienstleistungen der (Kern Beherbergungsbetriebs\u00a0GmbH, im Folgenden NoLimits) nutzen. Wir informieren Sie damit \u00fcber Art, Umfang und Zweck der Erhebung und Verwendung Ihrer personenbezogenen Daten durch unser Unternehmen. Wir achten Ihre Privatsph\u00e4re und sind bestrebt, die gesetzlichen Vorgaben f\u00fcr die Verarbeitung Ihrer personenbezogenen Daten (EU-Verordnung Nr. 679\/2016 (DSGVO), DSG 2000, DSG 2018 und TKG 2003) genau einzuhalten. Alle Ihre personenbezogenen Daten werden auf dieser Grundlage verarbeitet.<\/p>\n<p>Verantwortlicher f\u00fcr die Datenverarbeitung ist Gerald Kern, Kern Beherbergungsbetriebs GmbH.<\/p>\n<p>Mit der Nutzung unserer Dienstleistungen und der Erteilung von Einwilligungen im Sinne dieser Erkl\u00e4rung best\u00e4tigen Sie, dass Sie das 18. Lebensjahr vollendet haben und in der Lage sind, eine zul\u00e4ssige Einwilligung zu erteilen, oder dass bereits eine wirksame Einwilligung Ihres Sachwalters vorliegt.<\/p>\n<p>&nbsp;<\/p>\n<h2><strong>2. Angaben gem\u00e4\u00df Art 13 DSGVO<\/strong><\/h2>\n<p>Ihre personenbezogenen Daten, das sind insbesondere<\/p>\n<ul>\n<li>Ihre Stammdaten (Name, Vorname, Adresse, Mail Adresse, Telefon- und Faxnummer, Geburtsdatum, Kundennummer) sowie Sprache und KFZ-Kennzeichen,<\/li>\n<li>die Daten zu Zahlungsart und im Zusammenhang mit Zahlungen, insbesondere Bankdaten,<\/li>\n<li>Informationen zu Veranstaltungsanmeldungen<\/li>\n<li>ggf. per Email<\/li>\n<\/ul>\n<p>werden f\u00fcr unsere Dienstleistungen ben\u00f6tigt. Dazu geh\u00f6ren auch Gastronomie, Registratur-Abwicklungen, Events, Verrechnung und deren \u00dcberpr\u00fcfung (B2B, B2C, FIT), Ticketbuchungen.<\/p>\n<p>Diese Daten werden deshalb zu diesen Zwecken von uns gespeichert, verarbeitet und, soweit erforderlich, an Dritte, mit denen wir zur Erbringung eines m\u00f6glichst effektiven und bestm\u00f6glichen Service f\u00fcr unsere Kunden, zusammenarbeiten \u2013 dazu k\u00f6nnen auch Dienstleister in Drittstaaten als Auftragsverarbeiter, Software- und Agenturdienstleister \u00a0geh\u00f6ren \u2013, \u00fcbermittelt.<\/p>\n<p>Derzeit \u00fcbermitteln wir lediglich die Email-Adresse (ohne Vor- oder Nachnamen) an unser Newslettersystem das \u00fcber das <a href=\"https:\/\/kb.mailchimp.com\/accounts\/management\/about-mailchimp-the-eu-swiss-privacy-shield-and-the-gdpr\">EU-US Privacy Shield<\/a> gesch\u00fctzt und zertifiziert ist.<br \/>\nUnsere Rechenzentren auf denen unsere Webauftritte mit dazu geh\u00f6rigen Datenbanken liegen werden alle innerhalb der EU und des EWR.<\/p>\n<p><u><\/u>Profiling und automatisierte Entscheidungen setzen wir <strong>nicht<\/strong> ein. <u><\/u><\/p>\n<p>Die Rechtsgrundlagen f\u00fcr diese Datenverarbeitungsprozesse sind<\/p>\n<ul>\n<li>die Erf\u00fcllung unserer vorvertraglichen und vertraglichen Verpflichtungen Ihnen gegen\u00fcber,<\/li>\n<li>von Ihnen eingeholte Einwilligungen,<\/li>\n<li>gesetzliche, vertragliche oder sonstige rechtliche Verpflichtungen unsererseits (z.B. Dokumentationsrechte und -pflichten nach dem Rechnungswesen, Steuer- und Zollrecht, Vertragswesen, Rechtsstreitigkeiten) sowie \u00a7 96 TKG und<\/li>\n<li>unsere berechtigten Interessen (z.B. die Verbesserung unseres Kundenservice, auch im Bereich der Direktwerbung oder die Wahrnehmung unserer eigenen rechtlichen Interessen).<\/li>\n<\/ul>\n<p>Die Dauer der Speicherung bemisst sich nach der Dauer unserer Gesch\u00e4ftsbeziehung, den von Ihnen erteilten Einwilligungen, dar\u00fcber hinaus nach den f\u00fcr uns geltenden gesetzlichen Aufbewahrungspflichten und rechtlichen Verpflichtungen. Wir betonen, dass wir im Fall einer regelm\u00e4\u00dfigen Zusammenarbeit f\u00fcr unser bestm\u00f6gliches Kundenservice bestrebt sind, Ihre bereits an uns \u00fcbermittelten Kundenw\u00fcnsche so gut zu kennen, dass wir Sie laufend und dauerhaft zufriedenstellen k\u00f6nnen.<\/p>\n<h2><strong>3. Unsere Webauftritte<\/strong><\/h2>\n<p>Durch den Aufruf unserer Website werden automatisch Ihre Zugriffsdaten erhoben und gespeichert. Diese Zugriffsdaten k\u00f6nnen insbesondere die aufgerufene Seite, die angesehenen Dateien, Datum und Uhrzeit des Aufrufs, IP-Adresse des Benutzers, Daten des aufrufenden Rechners, insbesondere des Browsers und des Betriebssystems, sowie die Datenmenge und die Meldung des erfolgreichen Aufrufs umfassen. Diese Zugriffsdaten werden von uns f\u00fcr interne statistische Zwecke verwendet, um die Sicherheit unseres Angebots zu gew\u00e4hrleisten und um das Angebot zu optimieren. Bei Verdacht einer rechtswidrigen Handlung werden die Zugriffsdaten zur Beweissicherung (DSGVO Art 17 Abs 3 lit e) ausgewertet.<\/p>\n<p>Mit der Eingabe Ihrer personenbezogenen Daten in eines unserer Kontaktformulare stimmen Sie f\u00fcr die Dauer der Betreuung dieser konkreten Anfrage der \u00dcbermittlung an und Speicherung und Verarbeitung durch uns zu. Dies gilt insbesondere f\u00fcr Ihre Anfragen per Kontakt-Formular, Chat und E-Mails, die Sie uns senden. Wir ben\u00f6tigen diese Daten zur Bearbeitung Ihrer Anfrage und speichern in diesen F\u00e4llen auch Ihre IP-Adresse zu Zwecken der Beweissicherung (DSGVO Art 17 Abs 3 lit e). Die Speicherung erfolgt solange dies f\u00fcr die Betreuung allf\u00e4lliger erg\u00e4nzender oder nachtr\u00e4glicher gestellter Fragen durch Sie oder uns erforderlich ist.<\/p>\n<p>Die Rechtsgrundlagen f\u00fcr diese Datenverarbeitungen sind Ihre Einwilligung, unsere vorvertraglichen und vertraglichen Verpflichtungen Ihnen gegen\u00fcber, unsere berechtigten Interessen und rechtlichen Verpflichtungen aller Art und \u00a7 96 TKG.<\/p>\n<h2><strong>4. Newsletter<\/strong><\/h2>\n<p>Es steht Ihnen frei, unseren Newsletter zu abonnieren. Die Anmeldung, f\u00fcr die Sie Ihre E-Mail Adresse bekanntgeben und Ihre Einwilligung zum Erhalt des Newsletters erteilen m\u00fcssen, kann erst wirksam werden, wenn Sie einen Link zur Anmeldung, den Sie per E-Mail erhalten, best\u00e4tigen.<\/p>\n<p>In jedem Newsletter, den Sie erhalten, finden Sie alle erforderlichen Informationen zur Abbestellung des Newsletters. F\u00fcr n\u00e4here Informationen zu unseren Newslettern kontaktieren Sie uns bitte unter stefan@nolimits.bar. Wir helfen Ihnen gerne weiter.<\/p>\n<h2><span style=\"font-weight: normal !msorm;\"><strong>5. H<\/strong><\/span><span style=\"font-weight: normal !msorm;\"><strong>aftungsausschluss Web<\/strong><\/span><span style=\"font-weight: normal !msorm;\"><strong>auftritte<\/strong><\/span><\/h2>\n<p>Der Inhalt unserer Website wurde sorgf\u00e4ltig erstellt und mehrfach kontrolliert, f\u00fcr die Aktualit\u00e4t, Richtigkeit und Vollst\u00e4ndigkeit der bereitgestellten Informationen \u00fcbernehmen wir jedoch keine Haftung. Anspr\u00fcche auf Schadenersatz wegen Nutzung oder Nichtnutzung der Informationen bzw. durch die Nutzung fehlerhafter oder unvollst\u00e4ndiger Informationen, sind ausgeschlossen. Alle Angebote sind freibleibend und unverbindlich. Wir behalten uns das Recht vor, das Angebot oder Teile davon ohne gesonderte Ank\u00fcndigung zu ver\u00e4ndern, zu erg\u00e4nzen, zu l\u00f6schen oder die Ver\u00f6ffentlichung der Website zeitweise oder endg\u00fcltig einzustellen.<\/p>\n<p>Der Inhalt und die Programmierung unserer Website sind urheber- und leistungsschutzrechtlich gesch\u00fctzt. Jede Vervielf\u00e4ltigung \u2013 auch auszugsweise \u2013 und \u00f6ffentliche Wiedergabe, insbesondere das Kopieren von Texten, Grafiken und Fotos, ist ohne unsere vorhergehende schriftliche Zustimmung verboten.<\/p>\n<h2><strong>6. \u00dcbermittlung an Dritte \/ Verpflichtungen von Auftragsverarbeitern<\/strong><\/h2>\n<p>Ihre personenbezogenen Daten werden von uns unter Umst\u00e4nden<\/p>\n<ul>\n<li>innerhalb des Konzerns unter Ber\u00fccksichtigung der zul\u00e4ssigen Verwendungszwecke,<\/li>\n<li>an Auftragsverarbeiter (z.B. f\u00fcr unsere elektronische Werbung in Form von Newslettern) sowie, an Dritte, die f\u00fcr die Erbringung der von Ihnen gew\u00fcnschten Dienstleistungen beigezogen werden m\u00fcssen, die sich alle uns gegen\u00fcber zur Einhaltung der geltenden Datenschutz-Standards verpflichtet haben,<\/li>\n<\/ul>\n<p>\u00fcbermittelt. Sollte die Einhaltung europ\u00e4ischer Datenschutz-Standards nicht m\u00f6glich sein \u2013 etwa weil im konkreten Fall Standardvertragsklauseln, Angemessenheitsbeschl\u00fcsse oder Zertifizierungen nicht gew\u00e4hrleistet sind \u2013 kl\u00e4ren wir Sie rechtzeitig auf und holen auch die erforderlichen Einwilligungen von Ihnen ein. F\u00fcr weitere Informationen kontaktieren Sie uns bitte unter stefan@nolimits.bar.<\/p>\n<h2><strong>7. Cookies und Tracking Dienste <\/strong><\/h2>\n<p>Wir verwenden Cookies, das sind kleine Textelemente, die zum Speichern von Informationen in Webbrowsern verwendet werden. Cookies werden bei Ihrem n\u00e4chsten Besuch unseres Webauftritts erkannt und tragen erheblich dazu bei, Ladevorg\u00e4nge zu beschleunigen und die Nutzung unserer Angebote komfortabel f\u00fcr Sie zu machen. Ihre von Cookies erkannten und gespeicherten Informationen dienen Ihrer Wiederkennung, aber auch der Analyse Ihres Nutzerverhaltens. Sie werden auf dem Server des jeweiligen Anbieters, der sich als Auftragsverarbeiter uns gegen\u00fcber zur Einhaltung der geltenden Datenschutz-Standards verpflichtet hat, gespeichert.<\/p>\n<p>Nachdem Sie unseren Webauftritt besucht haben, bleiben Cookies auf Ihrem Endger\u00e4t gespeichert, sofern Sie dies nicht von vornherein verweigern oder Sie Cookies nicht aktiv l\u00f6schen. Das aktive Deaktivieren von Cookies kann die Funktionalit\u00e4t unserer Webauftritte f\u00fcr Sie beeintr\u00e4chtigen. Sie\u00a0 k\u00f6nnen die Speicherung der Cookies auch durch eine entsprechende Einstellung Ihrer Browser-Software verhindern. Wir weisen Sie jedoch darauf hin, dass Sie in diesem Fall gegebenenfalls nicht s\u00e4mtliche Funktionen unserer Website werden nutzen k\u00f6nnen.<\/p>\n<p>Sie k\u00f6nnen dar\u00fcber hinaus die Weiterleitung der durch das Cookie erzeugten und auf Ihre Nutzung der Website bezogenen Daten (inkl. Ihrer IP-Adresse) an Google sowie die Verarbeitung dieser Daten durch Google verhindern, indem Sie das auf der Website google.com verf\u00fcgbare Browser-Plugin herunterladen und installieren. Das Plug-In ist jedoch nur f\u00fcr bestimmte Browser-Programme verf\u00fcgbar.<\/p>\n<p>Wir verwenden auf unserer Website auch Inhalte Dritter, um unseren Internet-Auftritt m\u00f6glichst informativ und komfortabel f\u00fcr Sie zu gestalten. Dazu geh\u00f6ren zB Google-Maps, RSS-Feeds oder Youtube. Diese Dritt-Anbieter erhalten aus technischen Gr\u00fcnden Ihre IP-Adresse. Auf die Verwendung dieser Daten durch den Dritt-Anbieter haben wir keinen Einfluss. Wir verweisen diesbez\u00fcglich auf die Datenschutzerkl\u00e4rungen der jeweiligen Anbieter.<\/p>\n<p>Wir setzen Google Analytics, einen Webanalysedienst der Google Inc. 1600, Amphitheatre Parkway, Mountain View, CA 94043, USA, ein (\u201eGoogle&#8221;). Google Analytics verwendet Cookies. Die durch das Cookie erzeugten Informationen \u00fcber Ihr Benutzerverhalten werden in der Regel an einen Server von Google in den USA \u00fcbertragen und dort gespeichert. Ihre IP-Adresse wird zuvor innerhalb der Europ\u00e4ischen Union gek\u00fcrzt und damit anonymisiert oder zumindest pseudonymisiert. Nur in Ausnahmef\u00e4llen wird die volle IP-Adresse an einen Server von Google in den USA \u00fcbertragen und dort gek\u00fcrzt.<\/p>\n<p>Google ben\u00fctzt diese Informationen, um Ihre Nutzung der Website auszuwerten, um Reports \u00fcber die Websiteaktivit\u00e4ten zusammenzustellen und um weitere mit der Websitenutzung und der Internetnutzung verbundene Dienstleistungen gegen\u00fcber dem Websitebetreiber zu erbringen. Die im Rahmen von Google Analytics von Ihrem Browser \u00fcbermittelte IP-Adresse wird nicht mit anderen Daten von Google zusammengef\u00fchrt. Beachten Sie in diesem Zusammenhang auch die Datenschutzerkl\u00e4rung von Google, insbesondere die unter den beiden folgenden Links abrufbaren Informationen:<\/p>\n<ul>\n<li><a href=\"http:\/\/www.google.com\/analytics\/terms\/de.html\">http:\/\/www.google.com\/analytics\/terms\/de.html<\/a> und<\/li>\n<li><a href=\"https:\/\/www.google.de\/intl\/de\/policies\/\">https:\/\/www.google.de\/intl\/de\/policies\/<\/a><\/li>\n<\/ul>\n<p>Wir verwenden Facebook Social Plug-Ins des sozialen Netzwerks Facebook, betrieben von den Unternehmen Facebook Ireland Limited, 4 Grand Canal Square Dublin 2, Irland, und Facebook Inc., 1601 S. California Avenue, Palo Alto, CA 94303, USA. Diese Plug-Ins sind Schaltfl\u00e4chen, mit denen Facebook misst, wer unsere Webseite aufruft. Ist der Besucher zugleich bei Facebook als Nutzer registriert und eingeloggt, werden dar\u00fcber hinaus weitere Informationen von Facebook gespeichert. Facebook erh\u00e4lt aus technischen Gr\u00fcnden Ihre IP-Adresse. Auf die Verwendung dieser Daten durch Facebook haben wir keinen Einfluss. Wir verweisen diesbez\u00fcglich auf die Datenschutzerkl\u00e4rungen von Facebook, insbesondere die unter folgendem Link abrufbaren Informationen:<\/p>\n<ul>\n<li><a href=\"https:\/\/www.facebook.com\/help\/568137493302217\">https:\/\/www.facebook.com\/help\/568137493302217<\/a>.<\/li>\n<\/ul>\n<p>&nbsp;<\/p>\n<p>Sie erhalten dort auch Informationen, wie Sie mit Ihrem Browser Facebook Social Plug-Ins blockieren k\u00f6nnen.<\/p>\n<h2><strong>8. Kontakt<\/strong><\/h2>\n<p>Sie k\u00f6nnen jederzeit unentgeltlich Auskunft \u00fcber Ihre personenbezogenen Daten, die von uns gespeichert werden, verlangen. Sie haben als Betroffener auch das Recht auf Widerruf, Auskunft, L\u00f6schung, Richtigstellung, Einschr\u00e4nkung und \u00dcbertragung Ihrer personenbezogenen Daten, soweit dem keine gesetzliche Aufbewahrungspflicht unsererseits gegen\u00fcbersteht.<\/p>\n<p>Folgen des Widerrufs sind die l\u00f6schung ihrer personsnbezogenen Daten, soweit dem keine gesetzliche Aufbewahrungspflicht unsererseits gegen\u00fcbersteht.<\/p>\n<p>F\u00fcr n\u00e4here Informationen zu Ihren Rechten als Betroffener kontaktieren Sie uns bitte unter office@nolimits.bar oder postalisch Kern Beherbergungsbetriebs GmbH, z.H. Gerald Kern, Felberstra\u00dfe 20, A-1150 Wien. Wir helfen Ihnen gerne weiter. F\u00fcr Beschwerden ist als Aufsichtsbeh\u00f6rde die \u00d6sterreichische Datenschutzbeh\u00f6rde (DSB), Wickenburggasse 8-10, 1080 Wien, zust\u00e4ndig.<\/p>\n<h2><strong>9. Sonstiges<\/strong><\/h2>\n<p>Wir haben organisatorische und technische Schutzma\u00dfnahmen, die wir laufend evaluieren und bei Bedarf anpassen, implementiert, um Ihre von uns gespeicherten und verarbeiteten personenbezogenen Daten zu sch\u00fctzen.<\/p>\n<p>Wir behalten uns vor, diese Datenschutzerkl\u00e4rung jederzeit zu \u00e4ndern und an neue Entwicklungen anzupassen. Die neue Fassung gilt ab Bereitstellung auf unserer Website. Die aktuelle Fassung der Datenschutzerkl\u00e4rung ist jederzeit auf der Website unter http:\/\/www.nolimits.bar\/de\/datenschutzerklarung\/ abrufbar, unser Impressum unter http:\/\/www.nolimits.bar\/de\/impressum-2\/.<\/p>\n","protected":false},"excerpt":{"rendered":"<p>Erkl\u00e4rung zur Erf\u00fcllung datenschutzrechtlicher Informationspflichten 1. Grundlagen Diese Datenschutzerkl\u00e4rung betrifft alle Personen, die die Dienstleistungen der (Kern Beherbergungsbetriebs\u00a0GmbH, im Folgenden NoLimits) nutzen. Wir informieren Sie damit \u00fcber Art, Umfang und [&hellip;]<\/p>\n","protected":false},"author":2,"featured_media":0,"parent":0,"menu_order":0,"comment_status":"closed","ping_status":"closed","template":"","meta":{"_et_pb_use_builder":"","_et_pb_old_content":"","_et_gb_content_width":"","_exactmetrics_skip_tracking":false,"_exactmetrics_sitenote_active":false,"_exactmetrics_sitenote_note":"","_exactmetrics_sitenote_category":0,"jetpack_post_was_ever_published":false,"footnotes":""},"jetpack_sharing_enabled":true,"jetpack_shortlink":"https:\/\/wp.me\/P8QwXP-18R","_links":{"self":[{"href":"https:\/\/www.nolimits.bar\/de\/wp-json\/wp\/v2\/pages\/4393"}],"collection":[{"href":"https:\/\/www.nolimits.bar\/de\/wp-json\/wp\/v2\/pages"}],"about":[{"href":"https:\/\/www.nolimits.bar\/de\/wp-json\/wp\/v2\/types\/page"}],"author":[{"embeddable":true,"href":"https:\/\/www.nolimits.bar\/de\/wp-json\/wp\/v2\/users\/2"}],"replies":[{"embeddable":true,"href":"https:\/\/www.nolimits.bar\/de\/wp-json\/wp\/v2\/comments?post=4393"}],"version-history":[{"count":1,"href":"https:\/\/www.nolimits.bar\/de\/wp-json\/wp\/v2\/pages\/4393\/revisions"}],"predecessor-version":[{"id":11798,"href":"https:\/\/www.nolimits.bar\/de\/wp-json\/wp\/v2\/pages\/4393\/revisions\/11798"}],"wp:attachment":[{"href":"https:\/\/www.nolimits.bar\/de\/wp-json\/wp\/v2\/media?parent=4393"}],"curies":[{"name":"wp","href":"https:\/\/api.w.org\/{rel}","templated":true}]}}