{"id":46,"date":"2015-06-30T19:51:15","date_gmt":"2015-06-30T17:51:15","guid":{"rendered":"https:\/\/host20.ssl-gesichert.at\/nolimits_bar\/?page_id=46"},"modified":"2023-11-04T20:32:38","modified_gmt":"2023-11-04T19:32:38","slug":"hausordnung","status":"publish","type":"page","link":"https:\/\/www.nolimits.bar\/de\/hausordnung\/","title":{"rendered":"Hausordnung"},"content":{"rendered":"<p>[et_pb_section fb_built=&#8221;1&#8243; custom_padding_last_edited=&#8221;on|desktop&#8221; admin_label=&#8221;section&#8221; _builder_version=&#8221;4.16&#8243; custom_padding_tablet=&#8221;50px|0|50px|0&#8243; custom_padding_phone=&#8221;&#8221; transparent_background=&#8221;off&#8221; padding_mobile=&#8221;off&#8221; make_fullwidth=&#8221;off&#8221; use_custom_width=&#8221;off&#8221; width_unit=&#8221;on&#8221; global_colors_info=&#8221;{}&#8221;][et_pb_row padding_mobile=&#8221;off&#8221; column_padding_mobile=&#8221;on&#8221; admin_label=&#8221;row&#8221; _builder_version=&#8221;4.16&#8243; background_color=&#8221;#1c1c1c&#8221; background_size=&#8221;initial&#8221; background_position=&#8221;top_left&#8221; background_repeat=&#8221;repeat&#8221; make_fullwidth=&#8221;off&#8221; use_custom_width=&#8221;off&#8221; width_unit=&#8221;on&#8221; global_colors_info=&#8221;{}&#8221;][et_pb_column type=&#8221;4_4&#8243; _builder_version=&#8221;4.16&#8243; custom_padding=&#8221;|||&#8221; global_colors_info=&#8221;{}&#8221; custom_padding__hover=&#8221;|||&#8221;][et_pb_post_title meta=&#8221;off&#8221; featured_image=&#8221;off&#8221; _builder_version=&#8221;4.16&#8243; global_colors_info=&#8221;{}&#8221;][\/et_pb_post_title][et_pb_image src=&#8221;https:\/\/www.nolimits.bar\/de\/wp-content\/uploads\/2016\/08\/BDSM-Hausordnung-page-002.jpg&#8221; align_tablet=&#8221;center&#8221; align_phone=&#8221;center&#8221; align_last_edited=&#8221;on|desktop&#8221; admin_label=&#8221;Bild&#8221; _builder_version=&#8221;4.16&#8243; animation_style=&#8221;slide&#8221; animation_direction=&#8221;left&#8221; animation_duration=&#8221;500ms&#8221; animation_intensity_slide=&#8221;10%&#8221; use_border_color=&#8221;off&#8221; global_colors_info=&#8221;{}&#8221;]<br \/>\n[\/et_pb_image][et_pb_text _builder_version=&#8221;4.22.1&#8243; hover_enabled=&#8221;0&#8243; global_colors_info=&#8221;{}&#8221; sticky_enabled=&#8221;0&#8243;]<\/p>\n<p>Das Konzept des No Limits ist darauf aufgebaut eine sichere Spielatmosph\u00e4re zu schaffen, in der sich Jede und Jeder wohlf\u00fchlt und sich fallen lassen kann. Es vergeht bei uns kaum ein Abend, an dem nicht gespielt wird. Das ist genau dieser Philosophie geschuldet.<\/p>\n<p>Zentral f\u00fcrs No Limits sind die\u00a0<strong>strikten Regeln zur Diskretion<\/strong>. Alles, was im No Limits passiert, bleibt im No Limits!<\/p>\n<p>Wir behalten uns zudem explizit vor, Personen des Lokals zu verweisen, von denen wir subjektiv annehmen, dass sie nicht ins Lokal passen bzw. nicht unserer Zielgruppe von aufgekl\u00e4rten, selbstverantwortlichen, erwachsenen Menschen entsprechen, die ein Faible f\u00fcr BDSM oder einen Fetisch haben.<\/p>\n<p><strong>No Gos im No Limits<\/strong><\/p>\n<p>SM ist immer ein Spiel, und nur ein Spiel! Wenngleich so ein Spiel durchaus sehr tief gehen kann und sich \u00fcber l\u00e4ngere Zeitr\u00e4ume erstrecken kann, es bleibt ein Spiel! Dieses Spiel wird zwischen zwei erwachsenen, m\u00fcndigen, psychisch stabilen und selbstverantwortlichen Menschen gespielt!<\/p>\n<p>Wir weisen ausdr\u00fccklich darauf hin, dass jegliche Praktiken, die gegen geltende Gesetze versto\u00dfen sowie schwere, bleibende Sch\u00e4den bei einem Menschen verursachen im No Limits keinesfalls akzeptiert werden! Das No Limits ist kein Ort, an dem die Anbahnung oder Aus\u00fcbung von Prostitution erlaubt ist!<\/p>\n<p><strong>Im No Limits herrscht ein grunds\u00e4tzliches Fotografieverbot!<\/strong><\/p>\n<p>Ausnahmen nur durch Mitarbeiter des No Limits.<\/p>\n<p>[\/et_pb_text][\/et_pb_column][\/et_pb_row][\/et_pb_section]<\/p>\n","protected":false},"excerpt":{"rendered":"<p>Das Konzept des No Limits ist darauf aufgebaut eine sichere Spielatmosph\u00e4re zu schaffen, in der sich Jede und Jeder wohlf\u00fchlt und sich fallen lassen kann. Es vergeht bei uns kaum [&hellip;]<\/p>\n","protected":false},"author":1,"featured_media":0,"parent":0,"menu_order":0,"comment_status":"open","ping_status":"closed","template":"","meta":{"_et_pb_use_builder":"on","_et_pb_old_content":"","_et_gb_content_width":"","_exactmetrics_skip_tracking":false,"_exactmetrics_sitenote_active":false,"_exactmetrics_sitenote_note":"","_exactmetrics_sitenote_category":0,"jetpack_post_was_ever_published":false,"footnotes":""},"jetpack_sharing_enabled":true,"jetpack_shortlink":"https:\/\/wp.me\/P8QwXP-K","_links":{"self":[{"href":"https:\/\/www.nolimits.bar\/de\/wp-json\/wp\/v2\/pages\/46"}],"collection":[{"href":"https:\/\/www.nolimits.bar\/de\/wp-json\/wp\/v2\/pages"}],"about":[{"href":"https:\/\/www.nolimits.bar\/de\/wp-json\/wp\/v2\/types\/page"}],"author":[{"embeddable":true,"href":"https:\/\/www.nolimits.bar\/de\/wp-json\/wp\/v2\/users\/1"}],"replies":[{"embeddable":true,"href":"https:\/\/www.nolimits.bar\/de\/wp-json\/wp\/v2\/comments?post=46"}],"version-history":[{"count":4,"href":"https:\/\/www.nolimits.bar\/de\/wp-json\/wp\/v2\/pages\/46\/revisions"}],"predecessor-version":[{"id":12863,"href":"https:\/\/www.nolimits.bar\/de\/wp-json\/wp\/v2\/pages\/46\/revisions\/12863"}],"wp:attachment":[{"href":"https:\/\/www.nolimits.bar\/de\/wp-json\/wp\/v2\/media?parent=46"}],"curies":[{"name":"wp","href":"https:\/\/api.w.org\/{rel}","templated":true}]}}