{"id":4851,"date":"2018-08-28T15:32:53","date_gmt":"2018-08-28T13:32:53","guid":{"rendered":"https:\/\/www.nolimits.bar\/de\/?page_id=4851"},"modified":"2025-11-10T17:20:32","modified_gmt":"2025-11-10T16:20:32","slug":"stammtische","status":"publish","type":"page","link":"https:\/\/www.nolimits.bar\/de\/stammtische\/","title":{"rendered":"BDSM Foren"},"content":{"rendered":"<p>[et_pb_section fb_built=&#8221;1&#8243; _builder_version=&#8221;4.16&#8243; global_colors_info=&#8221;{}&#8221;][et_pb_row _builder_version=&#8221;4.16&#8243; background_size=&#8221;initial&#8221; background_position=&#8221;top_left&#8221; background_repeat=&#8221;repeat&#8221; global_colors_info=&#8221;{}&#8221;][et_pb_column type=&#8221;4_4&#8243; _builder_version=&#8221;4.16&#8243; custom_padding=&#8221;|||&#8221; global_colors_info=&#8221;{}&#8221; custom_padding__hover=&#8221;|||&#8221;][et_pb_video src=&#8221;https:\/\/video.nolimits.bar\/Stammtische.mp4&#8243; image_src=&#8221;https:\/\/www.nolimits.bar\/de\/wp-content\/uploads\/2018\/08\/Stammtische.jpg&#8221; _builder_version=&#8221;4.16&#8243; global_colors_info=&#8221;{}&#8221; disabled_on=&#8221;on|on|on&#8221; disabled=&#8221;on&#8221;][\/et_pb_video][et_pb_text _builder_version=&#8221;4.24.2&#8243; global_colors_info=&#8221;{}&#8221;]<\/p>\n<div class=\"et_pb_module et_pb_text et_pb_text_0 et_pb_bg_layout_light et_pb_text_align_left\">\n<div class=\"et_pb_text_inner\">\n<p><strong>No Limits BDSM Foren:<\/strong><\/p>\n<p>Das No Limits versteht sich als Plattform f\u00fcr s\u00e4mtliche Aspekte der vielf\u00e4ltigen Wunderwelt real gelebter Spielarten des BDSM. Um unterschiedlichen Neigungsgruppen ein Forum zu geben veranstaltet das No Limits direkt oder Stammg\u00e4ste des No Limits unterschiedliche Foren. Ihnen ist immer gemeinsam:<\/p>\n<ul>\n<li>Es handelt sich im Prinzip um offene Foren. Also Jede und Jeder kann teilnehmen, sofern sie oder er sich von den Ideen des speziellen Forums angesprochen f\u00fchlt und sich an die Regeln h\u00e4lt (bitte nachlesen unter der Rubrik \u201eRegeln\u201c). Der Initiator bzw. die Initiatorin des jeweiligen Forums hat allerdings das Recht, einzelne Personen vom Forum auszuschlie\u00dfen, von denen subjektiv angenommen werden muss, dass sie nicht zum Forum passen bzw. nicht der Zielgruppe des Forums entsprechen<\/li>\n<li>Es handelt sich um ein weitgehend informelles Treffen zu einem bestimmten Thema.<\/li>\n<li>Der Eintritt ist gratis. Es wird zum Unterschied von einer Party oder einem Workshop nicht garantiert, dass ein spezielles Rahmenprogramm angeboten wird.<\/li>\n<li>S\u00e4mtliche Aktivit\u00e4ten im Rahmen des Forums basieren immer auf Freiwilligkeit von Seiten aller beteiligter Personen. Wir freuen uns explizit auch \u00fcber alle Personen, die als wohlwollende Beobachter an einem Forum teilnehmen ohne explizit etwas dazu beizutragen.<\/li>\n<li>Neben dem Forum findet der ganz normale Barbetrieb im No Limits statt, wobei aus der Erfahrung beide einander befruchten.<\/li>\n<li>Wir freuen uns \u00fcber Jede und Jeden, die bzw. der Ideen zu den bestehenden Foren einbringt oder die Schaffung neuer Foren anregt.<\/li>\n<\/ul>\n<p>Es geht eher um ein gemeinsames Spielen und den Austausch \u00fcber M\u00f6glichkeiten das Spiel zu bereichern. Zuschauer(innen) sind ebenso willkommen wie Menschen, die das Spiel erleben und erfahren wollen. Siehe dazu freilich immer die NoGos, unsere Grunds\u00e4tze und unsere BDSM-Hausordnung.<br \/>Bei den Stammtischen ist der Eintritt immer frei.<\/p>\n<\/div>\n<\/div>\n<div class=\"et_pb_module et_pb_text et_pb_text_1 et_pb_bg_layout_light et_pb_text_align_left\">\n<div class=\"et_pb_text_inner\">\n<p>Der bislang am h\u00e4ufigsten abgehaltene ist das <a href=\"http:\/\/www.nolimits.bar\/de\/fuss-fetischisten-stammtisch-jeden-3-donnerstag-im-monat\/\"><strong>Fu\u00dffetisch Forum<\/strong><\/a> \u2013 immer am 4. Donnerstag im Monat<\/p>\n<p>Der bestbesuchte ist der Spanking Stammtisch \u2013 wurde jetzt in passender in <strong>\u201e<a href=\"http:\/\/www.nolimits.bar\/de\/spanking-stammtisch\/\">Spanking in Action<\/a>\u201c <\/strong>umbenannt.<br \/>Genau darum soll es n\u00e4mlich gehen: um Action. Wir werden zum Einstieg immer eine kleine Performance vorbereiten. Danach ein Thema, das in Worten besprochen und mit Taten bespielt werden kann.<\/p>\n<p>Dann gibt es da noch seit 2018 den\u00a0<strong><a href=\"http:\/\/www.nolimits.bar\/de\/red-ass-contest\/\">Red Ass Contest<\/a><\/strong> an dem wir am 4. Freitag im Monat den \u201cArsch des Monats\u201d k\u00fcren. Die Gewinnerin \/ der Gewinner wird auf unserer \u201eWall of Fame\u201c verewigt, auf dass noch Generationen von SMlern Kunde von dieser herausragenden Leistung bekommen!<\/p>\n<p><a href=\"https:\/\/www.nolimits.bar\/de\/series\/club-de-roissy\/\">Club de Roissy<\/a>: Sir Andy und Meister Gerald laden alle dominanten Kollegen ein sich f\u00fcr die Aufnahme in den neuen, exklusiven Club der m\u00e4nnlichen Dominanz zu bewerben. Denn es ist hoch an der Zeit der Geschichte der O eine moderne, knackige Neuinterpretation zu verpassen. Wir treffen uns jeden dritten Mittwoch im Monat ab 20:00 im roten Salon im No Limits. Meidling ist das neue Roissy!<\/p>\n<p>&nbsp;<\/p>\n<\/div>\n<\/div>\n<p>[\/et_pb_text][\/et_pb_column][\/et_pb_row][\/et_pb_section]<\/p>\n","protected":false},"excerpt":{"rendered":"<p>No Limits BDSM Foren: Das No Limits versteht sich als Plattform f\u00fcr s\u00e4mtliche Aspekte der vielf\u00e4ltigen Wunderwelt real gelebter Spielarten des BDSM. Um unterschiedlichen Neigungsgruppen ein Forum zu geben veranstaltet [&hellip;]<\/p>\n","protected":false},"author":2,"featured_media":0,"parent":0,"menu_order":0,"comment_status":"closed","ping_status":"closed","template":"","meta":{"_et_pb_use_builder":"on","_et_pb_old_content":"","_et_gb_content_width":"","_exactmetrics_skip_tracking":false,"_exactmetrics_sitenote_active":false,"_exactmetrics_sitenote_note":"","_exactmetrics_sitenote_category":0,"jetpack_post_was_ever_published":false,"footnotes":""},"jetpack_sharing_enabled":true,"jetpack_shortlink":"https:\/\/wp.me\/P8QwXP-1gf","_links":{"self":[{"href":"https:\/\/www.nolimits.bar\/de\/wp-json\/wp\/v2\/pages\/4851"}],"collection":[{"href":"https:\/\/www.nolimits.bar\/de\/wp-json\/wp\/v2\/pages"}],"about":[{"href":"https:\/\/www.nolimits.bar\/de\/wp-json\/wp\/v2\/types\/page"}],"author":[{"embeddable":true,"href":"https:\/\/www.nolimits.bar\/de\/wp-json\/wp\/v2\/users\/2"}],"replies":[{"embeddable":true,"href":"https:\/\/www.nolimits.bar\/de\/wp-json\/wp\/v2\/comments?post=4851"}],"version-history":[{"count":5,"href":"https:\/\/www.nolimits.bar\/de\/wp-json\/wp\/v2\/pages\/4851\/revisions"}],"predecessor-version":[{"id":19635,"href":"https:\/\/www.nolimits.bar\/de\/wp-json\/wp\/v2\/pages\/4851\/revisions\/19635"}],"wp:attachment":[{"href":"https:\/\/www.nolimits.bar\/de\/wp-json\/wp\/v2\/media?parent=4851"}],"curies":[{"name":"wp","href":"https:\/\/api.w.org\/{rel}","templated":true}]}}