{"id":53,"date":"2015-06-30T19:53:51","date_gmt":"2015-06-30T17:53:51","guid":{"rendered":"https:\/\/host20.ssl-gesichert.at\/nolimits_bar\/?page_id=53"},"modified":"2023-09-20T12:16:23","modified_gmt":"2023-09-20T10:16:23","slug":"raummiete","status":"publish","type":"page","link":"https:\/\/www.nolimits.bar\/de\/raummiete\/","title":{"rendered":"Raummiete"},"content":{"rendered":"<p>[et_pb_section fb_built=&#8221;1&#8243; custom_padding_last_edited=&#8221;on|desktop&#8221; admin_label=&#8221;section&#8221; _builder_version=&#8221;4.16&#8243; background_color=&#8221;#1c1c1c&#8221; custom_padding_tablet=&#8221;50px|0|50px|0&#8243; custom_padding_phone=&#8221;&#8221; transparent_background=&#8221;off&#8221; padding_mobile=&#8221;off&#8221; make_fullwidth=&#8221;off&#8221; use_custom_width=&#8221;off&#8221; width_unit=&#8221;on&#8221; global_colors_info=&#8221;{}&#8221;][et_pb_row admin_label=&#8221;row&#8221; _builder_version=&#8221;4.16&#8243; background_size=&#8221;initial&#8221; background_position=&#8221;top_left&#8221; background_repeat=&#8221;repeat&#8221; global_colors_info=&#8221;{}&#8221; column_structure=&#8221;2_3,1_3&#8243;][et_pb_column type=&#8221;2_3&#8243; _builder_version=&#8221;4.16&#8243; custom_padding=&#8221;|||&#8221; global_colors_info=&#8221;{}&#8221; custom_padding__hover=&#8221;|||&#8221;][et_pb_text _builder_version=&#8221;4.16&#8243; background_size=&#8221;initial&#8221; background_position=&#8221;top_left&#8221; background_repeat=&#8221;repeat&#8221; use_border_color=&#8221;off&#8221; border_color=&#8221;#ffffff&#8221; border_style=&#8221;solid&#8221; global_colors_info=&#8221;{}&#8221;]<\/p>\n<h3><strong>Was wird im No Limits angeboten?<br \/>\n<\/strong><\/h3>\n<p>[\/et_pb_text][et_pb_text _builder_version=&#8221;4.22.1&#8243; background_size=&#8221;initial&#8221; background_position=&#8221;top_left&#8221; background_repeat=&#8221;repeat&#8221; hover_enabled=&#8221;0&#8243; use_border_color=&#8221;off&#8221; global_colors_info=&#8221;{}&#8221; sticky_enabled=&#8221;0&#8243;]<\/p>\n<p><span lang=\"de-DE\">Ihr k\u00f6nnt das No Limits auch mieten:<\/span><\/p>\n<ul>\n<li><span lang=\"de-DE\">f\u00fcr Geburtstagsparties<\/span><\/li>\n<li><span lang=\"de-DE\">f\u00fcr eure (Fetisch) -veranstaltung<\/span><\/li>\n<li><span lang=\"de-DE\">f\u00fcr Workshops und Seminare<\/span><\/li>\n<li><span lang=\"de-DE\">f\u00fcr euer Musikevent<\/span><\/li>\n<li><span lang=\"de-DE\">f\u00fcr Feierlichkeiten jeder Art<\/span><\/li>\n<li><span lang=\"de-DE\">zum Spielen in einem exklusiven, etwas privaterem Rahmen<\/span><\/li>\n<li><span lang=\"de-DE\">f\u00fcr Fotoshootings<\/span><\/li>\n<li><span lang=\"de-DE\">und f\u00fcr vieles mehr<\/span><\/li>\n<\/ul>\n<p><span lang=\"de-DE\">Basispreis f\u00fcr die Anmietung betr\u00e4gt \u20ac 58.- pro Stunde. <\/span><\/p>\n<p><span lang=\"de-DE\">Selbstverst\u00e4ndlich stehen euch dabei auch die Bar und die Musik zur Verf\u00fcgung<\/span><\/p>\n<p><span lang=\"de-DE\">F\u00fcr gr\u00f6\u00dfere Veranstaltungen und\/oder l\u00e4nger andauernde Events k\u00f6nnen die Konditionen individuell verhandelt werden. Ins No Limits kommen und mit uns reden zahlt sich immer aus. <\/span><\/p>\n<p>F\u00fcr uns ist die BDSM- und Fetischgemeinde eine gro\u00dfe Familie. Deswegen wollen wir allen, die das No Limits f\u00fcr Veranstaltungen bzw. eigene Ideen nutzen m\u00f6chten ein Angebot machen:<\/p>\n<p><em>Organisiere deine eigene Veranstaltung!<\/em><\/p>\n<p>Ihr k\u00f6nnt im No Limits ganz leicht eure eigene Veranstaltung organisieren. Die R\u00e4umlichkeiten des No-Limits k\u00f6nnen von euch angemietet werden sofern eure Veranstaltung unseren Grunds\u00e4tzen nicht widerspricht und es zeitlich m\u00f6glich ist. Je fr\u00fcher die Anmeldung erfolgt desto wahrscheinlicher ist es, dass wir eure Terminw\u00fcnsche erf\u00fcllen k\u00f6nnen. Ihr seid f\u00fcr Konzept, Durchf\u00fchrung und Ablauf der Veranstaltung\u00a0 verantwortlich. Ihr k\u00f6nnt Eintrittsgelder verlangen und\/oder ein Buffet anbieten.<\/p>\n<p>Wir betreiben die Bar und stellen die Einhaltung der gewerberechtlichen Vorschriften sicher.<\/p>\n<p><em>Du kannst das No Limits auch f\u00fcr den privaten Gebrauch exklusiv anmieten<\/em><\/p>\n<p>Die Miete betr\u00e4gt \u20ac 58.- pro Stunde. Ab der 3. Stunden gibt es einen Rabatt von 25%. Grunds\u00e4tzlich hat der Mieter das No Limits in dem Zustand zu hinterlassen in dem er es vorgefunden hat. Sollte eine spezielle Reinigung notwendig werden wird diese je nach Aufwand nach verrechnet. Ebenso sind besch\u00e4digte und\/oder fehlende Ger\u00e4te zu ersetzen.<\/p>\n<p>Grunds\u00e4tzlich sind exklusive Anmietungen des No Limits nur au\u00dferhalb der \u00d6ffnungszeiten m\u00f6glich!<\/p>\n<p>[\/et_pb_text][et_pb_video src=&#8221;https:\/\/video.nolimits.bar\/Fuehrung.mp4&#8243; image_src=&#8221;https:\/\/www.nolimits.bar\/de\/wp-content\/uploads\/2018\/08\/Fuehrung.jpg&#8221; _builder_version=&#8221;4.16&#8243; global_colors_info=&#8221;{}&#8221;][\/et_pb_video][\/et_pb_column][et_pb_column type=&#8221;1_3&#8243; _builder_version=&#8221;4.16&#8243; custom_padding=&#8221;|||&#8221; global_colors_info=&#8221;{}&#8221; custom_padding__hover=&#8221;|||&#8221;][et_pb_image src=&#8221;https:\/\/www.nolimits.bar\/de\/wp-content\/uploads\/2018\/01\/IMG_3940.jpg&#8221; show_in_lightbox=&#8221;on&#8221; align_tablet=&#8221;center&#8221; align_last_edited=&#8221;on|desktop&#8221; admin_label=&#8221;Bild&#8221; _builder_version=&#8221;4.16&#8243; animation_direction=&#8221;left&#8221; use_border_color=&#8221;off&#8221; global_colors_info=&#8221;{}&#8221; align_phone=&#8221;center&#8221;]&nbsp;<br \/>\n[\/et_pb_image][et_pb_image src=&#8221;https:\/\/www.nolimits.bar\/de\/wp-content\/uploads\/2017\/12\/IMG_3623_Lightroom.jpg&#8221; show_in_lightbox=&#8221;on&#8221; align_tablet=&#8221;center&#8221; align_last_edited=&#8221;on|desktop&#8221; _builder_version=&#8221;4.16&#8243; global_colors_info=&#8221;{}&#8221; align_phone=&#8221;center&#8221;][\/et_pb_image][et_pb_image src=&#8221;https:\/\/www.nolimits.bar\/de\/wp-content\/uploads\/2017\/12\/IMG_3608_Lightroom.jpg&#8221; show_in_lightbox=&#8221;on&#8221; align_tablet=&#8221;center&#8221; align_last_edited=&#8221;on|desktop&#8221; _builder_version=&#8221;4.16&#8243; global_colors_info=&#8221;{}&#8221; align_phone=&#8221;center&#8221;][\/et_pb_image][et_pb_image src=&#8221;https:\/\/www.nolimits.bar\/de\/wp-content\/uploads\/2017\/12\/IMG_3607_Lightroom.jpg&#8221; show_in_lightbox=&#8221;on&#8221; align_tablet=&#8221;center&#8221; align_last_edited=&#8221;on|desktop&#8221; _builder_version=&#8221;4.16&#8243; global_colors_info=&#8221;{}&#8221; align_phone=&#8221;center&#8221;][\/et_pb_image][et_pb_image src=&#8221;https:\/\/www.nolimits.bar\/de\/wp-content\/uploads\/2017\/12\/IMG_3611_Lightroom.jpg&#8221; show_in_lightbox=&#8221;on&#8221; align_tablet=&#8221;center&#8221; align_last_edited=&#8221;on|desktop&#8221; _builder_version=&#8221;4.16&#8243; global_colors_info=&#8221;{}&#8221; align_phone=&#8221;center&#8221;][\/et_pb_image][\/et_pb_column][\/et_pb_row][\/et_pb_section]<\/p>\n","protected":false},"excerpt":{"rendered":"<p>Was wird im No Limits angeboten? Ihr k\u00f6nnt das No Limits auch mieten: f\u00fcr Geburtstagsparties f\u00fcr eure (Fetisch) -veranstaltung f\u00fcr Workshops und Seminare f\u00fcr euer Musikevent f\u00fcr Feierlichkeiten jeder Art [&hellip;]<\/p>\n","protected":false},"author":1,"featured_media":0,"parent":0,"menu_order":0,"comment_status":"open","ping_status":"closed","template":"","meta":{"_et_pb_use_builder":"on","_et_pb_old_content":"","_et_gb_content_width":"","_exactmetrics_skip_tracking":false,"_exactmetrics_sitenote_active":false,"_exactmetrics_sitenote_note":"","_exactmetrics_sitenote_category":0,"jetpack_post_was_ever_published":false,"footnotes":""},"jetpack_sharing_enabled":true,"jetpack_shortlink":"https:\/\/wp.me\/P8QwXP-R","_links":{"self":[{"href":"https:\/\/www.nolimits.bar\/de\/wp-json\/wp\/v2\/pages\/53"}],"collection":[{"href":"https:\/\/www.nolimits.bar\/de\/wp-json\/wp\/v2\/pages"}],"about":[{"href":"https:\/\/www.nolimits.bar\/de\/wp-json\/wp\/v2\/types\/page"}],"author":[{"embeddable":true,"href":"https:\/\/www.nolimits.bar\/de\/wp-json\/wp\/v2\/users\/1"}],"replies":[{"embeddable":true,"href":"https:\/\/www.nolimits.bar\/de\/wp-json\/wp\/v2\/comments?post=53"}],"version-history":[{"count":1,"href":"https:\/\/www.nolimits.bar\/de\/wp-json\/wp\/v2\/pages\/53\/revisions"}],"predecessor-version":[{"id":12138,"href":"https:\/\/www.nolimits.bar\/de\/wp-json\/wp\/v2\/pages\/53\/revisions\/12138"}],"wp:attachment":[{"href":"https:\/\/www.nolimits.bar\/de\/wp-json\/wp\/v2\/media?parent=53"}],"curies":[{"name":"wp","href":"https:\/\/api.w.org\/{rel}","templated":true}]}}