{"id":5394,"date":"2018-11-05T09:47:07","date_gmt":"2018-11-05T08:47:07","guid":{"rendered":"https:\/\/www.nolimits.bar\/de\/?page_id=5394"},"modified":"2018-11-05T09:49:23","modified_gmt":"2018-11-05T08:49:23","slug":"dresscode","status":"publish","type":"page","link":"https:\/\/www.nolimits.bar\/de\/dresscode\/","title":{"rendered":"Dresscode"},"content":{"rendered":"<p>Wir wollen, dass unsere G\u00e4ste beim Betreten des No Limits den Alltag hinter sich lassen k\u00f6nnen und in eine erotisierte Traumwelt eintauchen k\u00f6nnen, um das Panoptikum von BDSM, Bondage und Fetisch mit all ihren Sinnen erfahren zu k\u00f6nnen. Zu diesem Zweck und um alle in die jeweilige Thematik zu f\u00fchren, haben wir f\u00fcr viele, aber nicht alle, Events bestimmte Kleidungsvorschriften (Dresscode) vorgesehen. Bitte diese jeweils dem <a href=\"https:\/\/www.nolimits.bar\/de\/events\/\">Eventkalender<\/a> entnehmen!<\/p>\n<p>Dabei geht es aber nicht darum, jemanden in Unkosten zu st\u00fcrzen, sondern dass man sich mit dem Thema der jeweiligen Veranstaltung auseinandersetzt. Weniger ist oft mehr! Au\u00dferdem kann man fast immer auch mit einem Outfit kommen, das man sowieso im Kleiderschrank hat \u2013 etwa Anzug oder sexy Unterw\u00e4sche. Was wir bei Events mit Dresscode nicht wollen ist allerdings, dass Personen in klassischer Alltagskleidung kommen: das karierte Hemd, das bunte T-Shirt, die Blue Jean und die Turnschuhe.<\/p>\n<p><strong>An allen Tagen ohne bestimmtes Event haben wir keinerlei speziellen Bekleidungsvorschriften.<\/strong> Da kann man das No Limits gerne wie ein normales Kaffeehaus nutzen. Wir freuen uns aber ganz besonders, wenn G\u00e4ste auch an solchen Tagen in reizvoller Szene-Kleidung im No Limits erscheinen.<\/p>\n","protected":false},"excerpt":{"rendered":"<p>An allen Tagen ohne bestimmtes Event haben wir keinerlei speziellen Bekleidungsvorschriften. Da kann man das No Limits gerne wie ein normales Kaffeehaus nutzen. Wir freuen uns aber ganz besonders, wenn G\u00e4ste auch an solchen Tagen in reizvoller Szene-Kleidung im No Limits erscheinen.<\/p>\n","protected":false},"author":2,"featured_media":4582,"parent":0,"menu_order":0,"comment_status":"closed","ping_status":"closed","template":"","meta":{"_et_pb_use_builder":"","_et_pb_old_content":"","_et_gb_content_width":"","_exactmetrics_skip_tracking":false,"_exactmetrics_sitenote_active":false,"_exactmetrics_sitenote_note":"","_exactmetrics_sitenote_category":0,"jetpack_post_was_ever_published":false,"footnotes":""},"jetpack_sharing_enabled":true,"jetpack_shortlink":"https:\/\/wp.me\/P8QwXP-1p0","_links":{"self":[{"href":"https:\/\/www.nolimits.bar\/de\/wp-json\/wp\/v2\/pages\/5394"}],"collection":[{"href":"https:\/\/www.nolimits.bar\/de\/wp-json\/wp\/v2\/pages"}],"about":[{"href":"https:\/\/www.nolimits.bar\/de\/wp-json\/wp\/v2\/types\/page"}],"author":[{"embeddable":true,"href":"https:\/\/www.nolimits.bar\/de\/wp-json\/wp\/v2\/users\/2"}],"replies":[{"embeddable":true,"href":"https:\/\/www.nolimits.bar\/de\/wp-json\/wp\/v2\/comments?post=5394"}],"version-history":[{"count":2,"href":"https:\/\/www.nolimits.bar\/de\/wp-json\/wp\/v2\/pages\/5394\/revisions"}],"predecessor-version":[{"id":5397,"href":"https:\/\/www.nolimits.bar\/de\/wp-json\/wp\/v2\/pages\/5394\/revisions\/5397"}],"wp:featuredmedia":[{"embeddable":true,"href":"https:\/\/www.nolimits.bar\/de\/wp-json\/wp\/v2\/media\/4582"}],"wp:attachment":[{"href":"https:\/\/www.nolimits.bar\/de\/wp-json\/wp\/v2\/media?parent=5394"}],"curies":[{"name":"wp","href":"https:\/\/api.w.org\/{rel}","templated":true}]}}